{"id":410,"date":"2026-01-31T03:21:14","date_gmt":"2026-01-31T03:21:14","guid":{"rendered":"https:\/\/chineseledlight.com\/?post_type=product&#038;p=410"},"modified":"2026-01-31T03:21:14","modified_gmt":"2026-01-31T03:21:14","slug":"new-graffiti-smart-downlights-anti-glare-led-downlights","status":"publish","type":"product","link":"https:\/\/chineseledlight.com\/es\/new-graffiti-smart-downlights-anti-glare-led-downlights\/","title":{"rendered":"Nuevo Graffiti Smart Downlights Downlights LED antideslumbrantes"},"content":{"rendered":"<p data-start=\"60\" data-end=\"404\"><strong data-start=\"66\" data-end=\"78\">Visi\u00f3n general<\/strong><br data-start=\"78\" data-end=\"81\" \/>La luz c\u00e1lida y controlada es el objetivo aqu\u00ed: el dise\u00f1o antideslumbrante reduce la dureza visual y ayuda a que los interiores resulten m\u00e1s tranquilos y privados. El acabado \u201cgraffiti\u201d a\u00f1ade un sutil toque decorativo sin sobrecargar los techos arquitect\u00f3nicos. La integraci\u00f3n de control inteligente puede especificarse para adaptarse a las escenas de iluminaci\u00f3n de su proyecto.<\/p>\n<p data-start=\"406\" data-end=\"424\"><strong data-start=\"406\" data-end=\"422\">Caracter\u00edsticas principales<\/strong><\/p>\n<ul data-start=\"425\" data-end=\"810\">\n<li data-start=\"425\" data-end=\"501\">\n<p data-start=\"427\" data-end=\"501\">Suaviza el deslumbramiento para lograr \u00e1ngulos de visi\u00f3n c\u00f3modos en zonas de asiento y de paso<\/p>\n<\/li>\n<li data-start=\"502\" data-end=\"581\">\n<p data-start=\"504\" data-end=\"581\">Luz de formas con un refinado control del haz para acentos e iluminaci\u00f3n general<\/p>\n<\/li>\n<li data-start=\"582\" data-end=\"650\">\n<p data-start=\"584\" data-end=\"650\">Mantiene limpias las l\u00edneas del techo con un aspecto empotrado de perfil bajo<\/p>\n<\/li>\n<li data-start=\"651\" data-end=\"737\">\n<p data-start=\"653\" data-end=\"737\">Mantiene un aspecto homog\u00e9neo en todas las habitaciones con opciones de uniformidad de color previa solicitud.<\/p>\n<\/li>\n<li data-start=\"738\" data-end=\"810\">\n<p data-start=\"740\" data-end=\"810\">Simplifica el mantenimiento gracias a la construcci\u00f3n de m\u00f3dulos y embellecedores de f\u00e1cil mantenimiento<\/p>\n<\/li>\n<\/ul>\n<p data-start=\"812\" data-end=\"841\"><strong data-start=\"812\" data-end=\"839\">Opciones y personalizaci\u00f3n<\/strong><\/p>\n<ul data-start=\"842\" data-end=\"1175\">\n<li data-start=\"842\" data-end=\"915\">\n<p data-start=\"844\" data-end=\"915\">Opciones de controlador e interfaz de control Smart-ready disponibles bajo pedido<\/p>\n<\/li>\n<li data-start=\"916\" data-end=\"986\">\n<p data-start=\"918\" data-end=\"986\">Estilos de molduras y acabados superficiales, incluidos los modelos a medida<\/p>\n<\/li>\n<li data-start=\"987\" data-end=\"1057\">\n<p data-start=\"989\" data-end=\"1057\">Selecciones de salida y haz para adaptarse a las capas de tarea, ambiente o acento<\/p>\n<\/li>\n<li data-start=\"1058\" data-end=\"1123\">\n<p data-start=\"1060\" data-end=\"1123\">Coordinaci\u00f3n de recortes a medida para diferentes sistemas de techo<\/p>\n<\/li>\n<li data-start=\"1124\" data-end=\"1175\">\n<p data-start=\"1126\" data-end=\"1175\">Apoyo a las especificaciones del proyecto y a los planos de fabricaci\u00f3n, seg\u00fan sea necesario<\/p>\n<\/li>\n<\/ul>\n<p data-start=\"1177\" data-end=\"1348\"><strong data-start=\"1177\" data-end=\"1201\">Aplicaciones t\u00edpicas<\/strong><br data-start=\"1201\" data-end=\"1204\" \/>Vest\u00edbulos de hoteles, pasillos de habitaciones de hu\u00e9spedes, oficinas, salas de reuniones, \u00e1reas de recepci\u00f3n, salones de viviendas, apartamentos, boutiques, galer\u00edas, salones<\/p>\n<p data-start=\"1350\" data-end=\"1590\"><strong data-start=\"1350\" data-end=\"1370\">Suministro y asistencia<\/strong><br data-start=\"1370\" data-end=\"1373\" \/>Producci\u00f3n en volumen directa de f\u00e1brica con planificaci\u00f3n de plazos de entrega estables. Control de calidad interno y trazabilidad de la calidad aplicados a cada lote, con embalaje de exportaci\u00f3n disponible para el env\u00edo. Cumplimiento de normas disponible previa solicitud.<\/p>","protected":false},"excerpt":{"rendered":"<p>Dise\u00f1ados para el confort visual, estos downlights inteligentes con acabado de graffiti utilizan \u00f3pticas antideslumbrantes para mantener los techos en calma a la vez que mantienen los acentos n\u00edtidos. Una opci\u00f3n s\u00f3lida para pasillos de hoteles y \u00e1reas de recepci\u00f3n donde el ambiente, la iluminaci\u00f3n de orientaci\u00f3n y las l\u00edneas limpias del techo son importantes.<\/p>","protected":false},"featured_media":500,"template":"","meta":{"_gspb_post_css":""},"product_brand":[],"product_cat":[22],"product_tag":[168,38,33,37,36,56,166,46,60,47,167],"class_list":{"0":"post-410","1":"product","2":"type-product","3":"status-publish","4":"has-post-thumbnail","6":"product_cat-led-downlights","7":"product_tag-anti-glare-downlight","8":"product_tag-bulk-supply","9":"product_tag-ceiling-lighting","10":"product_tag-custom-size","11":"product_tag-hospitality-lighting","12":"product_tag-hotel-lobby-lighting","13":"product_tag-new-graffiti-smart-downlights-anti-glare-led-downlights","14":"product_tag-office-lighting","15":"product_tag-recessed-downlights","16":"product_tag-residential-lighting","17":"product_tag-smart-lighting","19":"first","20":"instock","21":"shipping-taxable","22":"purchasable","23":"product-type-simple"},"_links":{"self":[{"href":"https:\/\/chineseledlight.com\/es\/wp-json\/wp\/v2\/product\/410","targetHints":{"allow":["GET"]}}],"collection":[{"href":"https:\/\/chineseledlight.com\/es\/wp-json\/wp\/v2\/product"}],"about":[{"href":"https:\/\/chineseledlight.com\/es\/wp-json\/wp\/v2\/types\/product"}],"wp:featuredmedia":[{"embeddable":true,"href":"https:\/\/chineseledlight.com\/es\/wp-json\/wp\/v2\/media\/500"}],"wp:attachment":[{"href":"https:\/\/chineseledlight.com\/es\/wp-json\/wp\/v2\/media?parent=410"}],"wp:term":[{"taxonomy":"product_brand","embeddable":true,"href":"https:\/\/chineseledlight.com\/es\/wp-json\/wp\/v2\/product_brand?post=410"},{"taxonomy":"product_cat","embeddable":true,"href":"https:\/\/chineseledlight.com\/es\/wp-json\/wp\/v2\/product_cat?post=410"},{"taxonomy":"product_tag","embeddable":true,"href":"https:\/\/chineseledlight.com\/es\/wp-json\/wp\/v2\/product_tag?post=410"}],"curies":[{"name":"wp","href":"https:\/\/api.w.org\/{rel}","templated":true}]}}