{"id":355,"date":"2026-01-30T08:02:46","date_gmt":"2026-01-30T08:02:46","guid":{"rendered":"https:\/\/chineseledlight.com\/?post_type=product&#038;p=355"},"modified":"2026-01-30T08:02:46","modified_gmt":"2026-01-30T08:02:46","slug":"square-led-downlight-dimmable-led-spotlight","status":"publish","type":"product","link":"https:\/\/chineseledlight.com\/es\/square-led-downlight-dimmable-led-spotlight\/","title":{"rendered":"L\u00e1mpara empotrada LED cuadrada Foco LED regulable"},"content":{"rendered":"<p data-start=\"56\" data-end=\"371\">Visi\u00f3n general<br data-start=\"64\" data-end=\"67\" \/>Su forma cuadrada mantiene el orden en la distribuci\u00f3n del techo, mientras que el control de intensidad ayuda a mantener un ambiente tranquilo y confortable durante todo el d\u00eda. Este proyector de estilo downlight utiliza una \u00f3ptica antideslumbrante para proporcionar una iluminaci\u00f3n focalizada sin brillos intensos, muy adecuada para interiores de hosteler\u00eda y lugares de trabajo.<\/p>\n<p data-start=\"374\" data-end=\"713\">Caracter\u00edsticas principales<br data-start=\"386\" data-end=\"389\" \/>- Reduce el molesto deslumbramiento con el control de la luz empotrada<br data-start=\"442\" data-end=\"445\" \/>- Ofrece una atenuaci\u00f3n suave para escenas desde \u201cbienvenida\u201d hasta \u201ctarea\u201d<br data-start=\"505\" data-end=\"508\" \/>- Mantiene una salida estable y un aspecto uniforme del color en el uso diario<br data-start=\"577\" data-end=\"580\" \/>- Se integran perfectamente en las rejillas del techo con un ribete cuadrado n\u00edtido<br data-start=\"642\" data-end=\"645\" \/>- Mejorar la coherencia mediante el control de calidad interno y la trazabilidad de la calidad<\/p>\n<p data-start=\"716\" data-end=\"1083\">Opciones y personalizaci\u00f3n<br data-start=\"739\" data-end=\"742\" \/>- Conformaci\u00f3n del haz y selecci\u00f3n de lentes disponibles bajo pedido<br data-start=\"797\" data-end=\"800\" \/>- CCT, rango CRI e interfaz de regulaci\u00f3n seg\u00fan las especificaciones del proyecto<br data-start=\"864\" data-end=\"867\" \/>- El tama\u00f1o del recorte, la profundidad de corte y el acabado del reflector se suministran bajo pedido.<br data-start=\"941\" data-end=\"944\" \/>- Colocaci\u00f3n del conductor y m\u00e9todo de cableado ajustables a las condiciones del emplazamiento<br data-start=\"1011\" data-end=\"1014\" \/>- Soporte de planos y paquetes de planos de taller disponibles para aprobaciones<\/p>\n<p data-start=\"1086\" data-end=\"1259\">Aplicaciones t\u00edpicas<br data-start=\"1106\" data-end=\"1109\" \/>Oficinas di\u00e1fanas, salas de reuniones, habitaciones de hoteles, pasillos de hoteles, zonas residenciales, mostradores de recepci\u00f3n, expositores de boutiques, paredes de galer\u00edas...<\/p>\n<p data-start=\"1262\" data-end=\"1560\">Suministro y asistencia<br data-start=\"1278\" data-end=\"1281\" \/>Se pueden organizar plazos de entrega r\u00e1pidos para configuraciones est\u00e1ndar, con programas a medida adaptados a los calendarios de los proyectos. Opciones de embalaje para exportaci\u00f3n disponibles para env\u00edos de larga distancia. Cumplimiento de normas disponible previa solicitud, respaldado por registros y documentaci\u00f3n de inspecci\u00f3n.<\/p>","protected":false},"excerpt":{"rendered":"<p>Square LED Downlight Foco LED regulable que combina un borde cuadrado limpio con una \u00f3ptica de deslumbramiento controlado y una regulaci\u00f3n suave para lograr acentos c\u00f3modos y precisos. Es una opci\u00f3n pr\u00e1ctica para salas de reuniones de oficinas y pasillos de hoteles donde las escenas de iluminaci\u00f3n cambian a lo largo del d\u00eda.<\/p>","protected":false},"featured_media":359,"template":"","meta":{"_gspb_post_css":""},"product_brand":[],"product_cat":[22],"product_tag":[90,32,37,88,74,45,46,89,47,86,87],"class_list":{"0":"post-355","1":"product","2":"type-product","3":"status-publish","4":"has-post-thumbnail","6":"product_cat-led-downlights","7":"product_tag-anti-glare-optics","8":"product_tag-ceiling-downlights","9":"product_tag-custom-size","10":"product_tag-dimmable-led-spotlight","11":"product_tag-fast-lead-time","12":"product_tag-hotel-lighting","13":"product_tag-office-lighting","14":"product_tag-recessed-lighting","15":"product_tag-residential-lighting","16":"product_tag-square-led-downlight-dimmable-led-spotlight","17":"product_tag-square-recessed-downlight","19":"first","20":"instock","21":"shipping-taxable","22":"purchasable","23":"product-type-simple"},"_links":{"self":[{"href":"https:\/\/chineseledlight.com\/es\/wp-json\/wp\/v2\/product\/355","targetHints":{"allow":["GET"]}}],"collection":[{"href":"https:\/\/chineseledlight.com\/es\/wp-json\/wp\/v2\/product"}],"about":[{"href":"https:\/\/chineseledlight.com\/es\/wp-json\/wp\/v2\/types\/product"}],"wp:featuredmedia":[{"embeddable":true,"href":"https:\/\/chineseledlight.com\/es\/wp-json\/wp\/v2\/media\/359"}],"wp:attachment":[{"href":"https:\/\/chineseledlight.com\/es\/wp-json\/wp\/v2\/media?parent=355"}],"wp:term":[{"taxonomy":"product_brand","embeddable":true,"href":"https:\/\/chineseledlight.com\/es\/wp-json\/wp\/v2\/product_brand?post=355"},{"taxonomy":"product_cat","embeddable":true,"href":"https:\/\/chineseledlight.com\/es\/wp-json\/wp\/v2\/product_cat?post=355"},{"taxonomy":"product_tag","embeddable":true,"href":"https:\/\/chineseledlight.com\/es\/wp-json\/wp\/v2\/product_tag?post=355"}],"curies":[{"name":"wp","href":"https:\/\/api.w.org\/{rel}","templated":true}]}}