{"id":342,"date":"2026-01-30T07:24:40","date_gmt":"2026-01-30T07:24:40","guid":{"rendered":"https:\/\/chineseledlight.com\/?post_type=product&#038;p=342"},"modified":"2026-01-30T07:24:40","modified_gmt":"2026-01-30T07:24:40","slug":"useful-decorative-led-down-light-mini-star-spotlight","status":"publish","type":"product","link":"https:\/\/chineseledlight.com\/es\/useful-decorative-led-down-light-mini-star-spotlight\/","title":{"rendered":"Luces LED decorativas Mini Star Spotlight"},"content":{"rendered":"<p data-start=\"67\" data-end=\"389\">Resumen: Los puntos de luz pueden transformar una superficie lisa en un efecto de techo caracter\u00edstico. Este minifoco en forma de estrella es una luz empotrada LED compacta para acentos decorativos, que produce una n\u00edtida impresi\u00f3n de \u201cestrella\u201d a la vez que mantiene el acabado del techo limpio y minimalista. La \u00f3ptica controlada ayuda a evitar destellos molestos en las zonas de visi\u00f3n cercana.<\/p>\n<p data-start=\"392\" data-end=\"756\">Caracter\u00edsticas principales\uff1a<br data-start=\"405\" data-end=\"408\" \/>- Crea un microrrayo n\u00edtido para realzar las estrellas y los detalles<br data-start=\"479\" data-end=\"482\" \/>- Oculta la fuente de luz con una abertura empotrada para reducir el deslumbramiento<br data-start=\"551\" data-end=\"554\" \/>- Mantenga el patr\u00f3n decorativo consistente con salida y color estables<br data-start=\"625\" data-end=\"628\" \/>- Gestiona el calor de forma eficiente para soportar largas horas de funcionamiento<br data-start=\"687\" data-end=\"690\" \/>- Se integra discretamente con una peque\u00f1a abertura y un borde de corte limpio<\/p>\n<p data-start=\"759\" data-end=\"1131\">Opciones y personalizaci\u00f3n\uff1a<br data-start=\"783\" data-end=\"786\" \/>- Patrones de haz y estilos de lentes disponibles bajo pedido<br data-start=\"840\" data-end=\"843\" \/>- Selecci\u00f3n de CCT y CRI para ambientes c\u00e1lidos o neutros<br data-start=\"911\" data-end=\"914\" \/>- Opciones de compatibilidad de regulaci\u00f3n seg\u00fan sea necesario para el control de escenas<br data-start=\"984\" data-end=\"987\" \/>- Recortes y acabados a medida para techos<br data-start=\"1057\" data-end=\"1060\" \/>- Servicio OEM\/ODM con especificaciones de proyecto y soporte de planos para dise\u00f1os<\/p>\n<p data-start=\"1134\" data-end=\"1305\">Aplicaciones t\u00edpicas\uff1aTechos estrellados, hornacinas, salones de hotel, bares de c\u00f3cteles, expositores de boutiques, cines en casa, habitaciones infantiles, acentos en pasillos, paredes caracter\u00edsticas de recepciones.<\/p>\n<p data-start=\"1308\" data-end=\"1609\">Suministro y asistencia: La r\u00e1pida programaci\u00f3n de los plazos de entrega facilita la repetici\u00f3n de proyectos decorativos y la producci\u00f3n en serie cuando se ampl\u00edan las implantaciones. El control de calidad interno con trazabilidad de la calidad se aplica a cada lote, y para los env\u00edos de exportaci\u00f3n se puede organizar el embalaje para la exportaci\u00f3n o en cajas. Cumplimiento de normas disponible previa solicitud.<\/p>","protected":false},"excerpt":{"rendered":"<p>A\u00f1ada un refinado destello estrellado utilizando una miniluz LED empotrada con \u00f3ptica controlada y una apertura empotrada para una visi\u00f3n de bajo deslumbramiento. Se utiliza habitualmente para techos estrellados en salones de hoteles o cines en casa, donde peque\u00f1os puntos de luz crean ambiente sin desordenar.<\/p>","protected":false},"featured_media":347,"template":"","meta":{"_gspb_post_css":""},"product_brand":[],"product_cat":[23],"product_tag":[33,54,74,36,78,79,76,48,77,47,75],"class_list":{"0":"post-342","1":"product","2":"type-product","3":"status-publish","4":"has-post-thumbnail","6":"product_cat-led-spotlights","7":"product_tag-ceiling-lighting","8":"product_tag-decorative-lighting","9":"product_tag-fast-lead-time","10":"product_tag-hospitality-lighting","11":"product_tag-led-down-light","12":"product_tag-made-to-order","13":"product_tag-mini-led-spotlight","14":"product_tag-oem-odm-service","15":"product_tag-recessed-spotlight","16":"product_tag-residential-lighting","17":"product_tag-useful-decorative-led-down-light-mini-star-spotlight","19":"first","20":"instock","21":"shipping-taxable","22":"purchasable","23":"product-type-simple"},"_links":{"self":[{"href":"https:\/\/chineseledlight.com\/es\/wp-json\/wp\/v2\/product\/342","targetHints":{"allow":["GET"]}}],"collection":[{"href":"https:\/\/chineseledlight.com\/es\/wp-json\/wp\/v2\/product"}],"about":[{"href":"https:\/\/chineseledlight.com\/es\/wp-json\/wp\/v2\/types\/product"}],"wp:featuredmedia":[{"embeddable":true,"href":"https:\/\/chineseledlight.com\/es\/wp-json\/wp\/v2\/media\/347"}],"wp:attachment":[{"href":"https:\/\/chineseledlight.com\/es\/wp-json\/wp\/v2\/media?parent=342"}],"wp:term":[{"taxonomy":"product_brand","embeddable":true,"href":"https:\/\/chineseledlight.com\/es\/wp-json\/wp\/v2\/product_brand?post=342"},{"taxonomy":"product_cat","embeddable":true,"href":"https:\/\/chineseledlight.com\/es\/wp-json\/wp\/v2\/product_cat?post=342"},{"taxonomy":"product_tag","embeddable":true,"href":"https:\/\/chineseledlight.com\/es\/wp-json\/wp\/v2\/product_tag?post=342"}],"curies":[{"name":"wp","href":"https:\/\/api.w.org\/{rel}","templated":true}]}}