{"id":336,"date":"2026-01-30T07:14:44","date_gmt":"2026-01-30T07:14:44","guid":{"rendered":"https:\/\/chineseledlight.com\/?post_type=product&#038;p=336"},"modified":"2026-01-30T07:14:44","modified_gmt":"2026-01-30T07:14:44","slug":"high-quality-ceiling-light-with-adjustable-brightness","status":"publish","type":"product","link":"https:\/\/chineseledlight.com\/es\/high-quality-ceiling-light-with-adjustable-brightness\/","title":{"rendered":"L\u00e1mpara de techo de alta calidad con luminosidad regulable"},"content":{"rendered":"<p data-start=\"68\" data-end=\"464\">Resumen: Fabricado para ofrecer fiabilidad en el d\u00eda a d\u00eda, este plaf\u00f3n combina una robusta estructura t\u00e9rmica con una luminosidad regulable para espacios que permanecen ocupados y activos. La c\u00e1mara \u00f3ptica mantiene la luz controlada, mientras que el controlador admite cambios de nivel suaves para un movimiento m\u00e1s seguro y una visibilidad constante. Un perfil de techo limpio ayuda a integrarlo en dise\u00f1os pr\u00e1cticos sin distracciones visuales.<\/p>\n<p data-start=\"467\" data-end=\"896\">Caracter\u00edsticas principales:<br data-start=\"480\" data-end=\"483\" \/>- Refuerza la durabilidad con una carcasa estable y un dise\u00f1o que disipa el calor<br data-start=\"555\" data-end=\"558\" \/>- Mantiene una salida constante gracias al funcionamiento fiable del driver en todos los niveles de regulaci\u00f3n<br data-start=\"642\" data-end=\"645\" \/>- Reduce la fatiga visual con una distribuci\u00f3n controlada y un corte antideslumbrante<br data-start=\"722\" data-end=\"725\" \/>- Favorece una circulaci\u00f3n m\u00e1s segura ajustando el brillo para escenas diurnas\/nocturnas o de tareas\/ambiente.<br data-start=\"812\" data-end=\"815\" \/>- Simplifica el mantenimiento gracias a un montaje accesible y un dise\u00f1o de componentes sustituibles<\/p>\n<p data-start=\"899\" data-end=\"1323\">Opciones y personalizaci\u00f3n:<br data-start=\"923\" data-end=\"926\" \/>- Opciones de compatibilidad de regulaci\u00f3n seg\u00fan las necesidades del sistema de control<br data-start=\"1002\" data-end=\"1005\" \/>- Selecciones de CCT y CRI disponibles bajo pedido para diferentes acabados de salas<br data-start=\"1080\" data-end=\"1083\" \/>- Posibilidad de elegir el color de las molduras y el acabado de la superficie a juego con los detalles del techo<br data-start=\"1157\" data-end=\"1160\" \/>- Dimensiones y recortes a medida para proyectos de renovaci\u00f3n<br data-start=\"1238\" data-end=\"1241\" \/>- Servicio OEM\/ODM con soporte de dibujos de taller y planos para flujos de trabajo de aprobaci\u00f3n<\/p>\n<p data-start=\"1326\" data-end=\"1543\">Aplicaciones t\u00edpicas: Escaleras y rellanos, pasillos y zonas de paso, salones de apartamentos, cocinas y comedores, despensas de oficinas, aulas, cl\u00ednicas y zonas de espera, trastienda de hoteles, cuartos de servicio, etc.<\/p>\n<p data-start=\"1546\" data-end=\"1846\">Suministro y asistencia: La producci\u00f3n directa en f\u00e1brica con una planificaci\u00f3n r\u00e1pida de los plazos de entrega admite proyectos por fases y pedidos repetidos. Cada lote se somete a un control de calidad interno, y se puede organizar el embalaje para exportaci\u00f3n \/ embalaje en cajas para env\u00edos al extranjero con los planos solicitados. Cumplimiento de normas disponible previa solicitud.<\/p>","protected":false},"excerpt":{"rendered":"<p>El brillo ajustable y la \u00f3ptica antideslumbrante hacen que esta l\u00e1mpara de techo de alta calidad resulte c\u00f3moda a cualquier hora del d\u00eda. Util\u00edzala en pasillos o huecos de escalera para mantener una visibilidad clara y, al mismo tiempo, ajustar f\u00e1cilmente niveles m\u00e1s bajos para la circulaci\u00f3n nocturna.<\/p>","protected":false},"featured_media":337,"template":"","meta":{"_gspb_post_css":""},"product_brand":[],"product_cat":[18],"product_tag":[71,33,34,72,37,70,39,74,68,69,47,73],"class_list":{"0":"post-336","1":"product","2":"type-product","3":"status-publish","4":"has-post-thumbnail","6":"product_cat-led-ceiling-lighting","7":"product_tag-adjustable-brightness-lighting","8":"product_tag-ceiling-lighting","9":"product_tag-commercial-lighting","10":"product_tag-corridor-lighting","11":"product_tag-custom-size","12":"product_tag-dimmable-ceiling-light","13":"product_tag-factory-direct","14":"product_tag-fast-lead-time","15":"product_tag-high-quality-ceiling-light-with-adjustable-brightness","16":"product_tag-led-ceiling-lighting","17":"product_tag-residential-lighting","18":"product_tag-stairwell-lighting","20":"first","21":"instock","22":"shipping-taxable","23":"purchasable","24":"product-type-simple"},"_links":{"self":[{"href":"https:\/\/chineseledlight.com\/es\/wp-json\/wp\/v2\/product\/336","targetHints":{"allow":["GET"]}}],"collection":[{"href":"https:\/\/chineseledlight.com\/es\/wp-json\/wp\/v2\/product"}],"about":[{"href":"https:\/\/chineseledlight.com\/es\/wp-json\/wp\/v2\/types\/product"}],"wp:featuredmedia":[{"embeddable":true,"href":"https:\/\/chineseledlight.com\/es\/wp-json\/wp\/v2\/media\/337"}],"wp:attachment":[{"href":"https:\/\/chineseledlight.com\/es\/wp-json\/wp\/v2\/media?parent=336"}],"wp:term":[{"taxonomy":"product_brand","embeddable":true,"href":"https:\/\/chineseledlight.com\/es\/wp-json\/wp\/v2\/product_brand?post=336"},{"taxonomy":"product_cat","embeddable":true,"href":"https:\/\/chineseledlight.com\/es\/wp-json\/wp\/v2\/product_cat?post=336"},{"taxonomy":"product_tag","embeddable":true,"href":"https:\/\/chineseledlight.com\/es\/wp-json\/wp\/v2\/product_tag?post=336"}],"curies":[{"name":"wp","href":"https:\/\/api.w.org\/{rel}","templated":true}]}}