{"id":324,"date":"2026-01-30T06:47:09","date_gmt":"2026-01-30T06:47:09","guid":{"rendered":"https:\/\/chineseledlight.com\/?post_type=product&#038;p=324"},"modified":"2026-01-30T06:47:09","modified_gmt":"2026-01-30T06:47:09","slug":"commercial-anti-glare-household-led-downlights","status":"publish","type":"product","link":"https:\/\/chineseledlight.com\/es\/commercial-anti-glare-household-led-downlights\/","title":{"rendered":"Downlights LED dom\u00e9sticos comerciales antideslumbrantes"},"content":{"rendered":"<p data-start=\"61\" data-end=\"387\">Resumen: La fatiga por deslumbramiento aparece r\u00e1pidamente en espacios compactos, por lo que estos downlights LED antideslumbrantes est\u00e1n fabricados para mantener el techo brillante sin destellos molestos. El corte \u00f3ptico y la fuente de luz empotrada ayudan a crear un campo de visi\u00f3n m\u00e1s tranquilo tanto para interiores comerciales como dom\u00e9sticos. La salida est\u00e1 dise\u00f1ada para un uso constante y cotidiano.<\/p>\n<p data-start=\"390\" data-end=\"811\">Caracter\u00edsticas principales:<br data-start=\"403\" data-end=\"406\" \/>- Control de las molestias con \u00f3ptica antirreflejos y dise\u00f1o de apertura empotrada<br data-start=\"480\" data-end=\"483\" \/>- Distribuye la luz uniformemente para zonas de tareas pr\u00e1cticas e iluminaci\u00f3n general<br data-start=\"560\" data-end=\"563\" \/>- Mantener un aspecto uniforme con un rendimiento crom\u00e1tico estable en todos los lotes<br data-start=\"642\" data-end=\"645\" \/>- Protege la longevidad mediante una gesti\u00f3n eficaz del calor y una construcci\u00f3n duradera<br data-start=\"725\" data-end=\"728\" \/>- Simplifique la instalaci\u00f3n con un ajuste limpio al techo y una estructura de f\u00e1cil mantenimiento<\/p>\n<p data-start=\"814\" data-end=\"1202\">Opciones y personalizaci\u00f3n:<br data-start=\"838\" data-end=\"841\" \/>- Selecciones de CCT y CRI disponibles bajo pedido para diferentes ambientes de la habitaci\u00f3n<br data-start=\"913\" data-end=\"916\" \/>- Compatibilidad con controladores de atenuaci\u00f3n en caso necesario<br data-start=\"967\" data-end=\"970\" \/>- Colores de embellecedores y estilos de bisel para combinar con techos y decoraci\u00f3n<br data-start=\"1038\" data-end=\"1041\" \/>- Recortes y profundidades a medida para techos de renovaci\u00f3n<br data-start=\"1115\" data-end=\"1118\" \/>- Servicio OEM\/ODM y especificaciones de proyectos \/ Soporte de planos \/ Planos de taller para proyectos<\/p>\n<p data-start=\"1205\" data-end=\"1373\">Aplicaciones t\u00edpicas: Salones, dormitorios, cocinas, pasillos, escaleras, peque\u00f1as oficinas, cafeter\u00edas, pasillos de tiendas, cl\u00ednicas y zonas de espera, pasillos de hoteles.<\/p>\n<p data-start=\"1376\" data-end=\"1696\">Suministro y asistencia: La planificaci\u00f3n r\u00e1pida de los plazos de entrega permite repetir pedidos y aumentar la producci\u00f3n para las implantaciones. El control de calidad interno con trazabilidad de la calidad se aplica a cada lote, y el embalaje para exportaci\u00f3n \/ embalaje en cajas est\u00e1 disponible para env\u00edos al extranjero; se pueden emitir planos de taller para su aprobaci\u00f3n. Cumplimiento de normas disponible previa solicitud.<\/p>","protected":false},"excerpt":{"rendered":"<p>La \u00f3ptica antideslumbrante y la fuente de luz empotrada proporcionan un brillo agradable sin destellos molestos, adecuado tanto para techos comerciales como dom\u00e9sticos. Una opci\u00f3n fiable para cocinas y pasillos donde la iluminaci\u00f3n de las tareas diarias debe ser agradable a la vista.<\/p>","protected":false},"featured_media":328,"template":"","meta":{"_gspb_post_css":""},"product_brand":[],"product_cat":[22],"product_tag":[59,33,58,34,37,62,36,61,60,49,63],"class_list":{"0":"post-324","1":"product","2":"type-product","3":"status-publish","4":"has-post-thumbnail","6":"product_cat-led-downlights","7":"product_tag-anti-glare-led-downlight","8":"product_tag-ceiling-lighting","9":"product_tag-commercial-anti-glare-household-led-downlights","10":"product_tag-commercial-lighting","11":"product_tag-custom-size","12":"product_tag-home-lighting","13":"product_tag-hospitality-lighting","14":"product_tag-led-lighting","15":"product_tag-recessed-downlights","16":"product_tag-shop-drawing","17":"product_tag-volume-production","19":"first","20":"instock","21":"shipping-taxable","22":"purchasable","23":"product-type-simple"},"_links":{"self":[{"href":"https:\/\/chineseledlight.com\/es\/wp-json\/wp\/v2\/product\/324","targetHints":{"allow":["GET"]}}],"collection":[{"href":"https:\/\/chineseledlight.com\/es\/wp-json\/wp\/v2\/product"}],"about":[{"href":"https:\/\/chineseledlight.com\/es\/wp-json\/wp\/v2\/types\/product"}],"wp:featuredmedia":[{"embeddable":true,"href":"https:\/\/chineseledlight.com\/es\/wp-json\/wp\/v2\/media\/328"}],"wp:attachment":[{"href":"https:\/\/chineseledlight.com\/es\/wp-json\/wp\/v2\/media?parent=324"}],"wp:term":[{"taxonomy":"product_brand","embeddable":true,"href":"https:\/\/chineseledlight.com\/es\/wp-json\/wp\/v2\/product_brand?post=324"},{"taxonomy":"product_cat","embeddable":true,"href":"https:\/\/chineseledlight.com\/es\/wp-json\/wp\/v2\/product_cat?post=324"},{"taxonomy":"product_tag","embeddable":true,"href":"https:\/\/chineseledlight.com\/es\/wp-json\/wp\/v2\/product_tag?post=324"}],"curies":[{"name":"wp","href":"https:\/\/api.w.org\/{rel}","templated":true}]}}