{"id":310,"date":"2026-01-30T06:16:16","date_gmt":"2026-01-30T06:16:16","guid":{"rendered":"https:\/\/chineseledlight.com\/?post_type=product&#038;p=310"},"modified":"2026-01-30T06:16:16","modified_gmt":"2026-01-30T06:16:16","slug":"adjustable-dimming-recessed-rectangular-downlight","status":"publish","type":"product","link":"https:\/\/chineseledlight.com\/es\/adjustable-dimming-recessed-rectangular-downlight\/","title":{"rendered":"Downlight rectangular empotrable de intensidad regulable"},"content":{"rendered":"<p data-start=\"64\" data-end=\"311\">Resumen: Ajuste el ambiente y el enfoque sin cambiar la disposici\u00f3n del techo. Este downlight rectangular empotrable de regulaci\u00f3n regulable favorece el confort visual mediante un corte controlado y una distribuci\u00f3n equilibrada, adapt\u00e1ndose a interiores silenciosos y centrados en las personas.<\/p>\n<p data-start=\"314\" data-end=\"731\">Caracter\u00edsticas principales:<br data-start=\"327\" data-end=\"330\" \/>- Da forma al haz con la punter\u00eda ajustable para resaltar las zonas y reducir el derrame<br data-start=\"407\" data-end=\"410\" \/>- Mantenga un campo visual tranquilo con la \u00f3ptica empotrada de bajo deslumbramiento<br data-start=\"473\" data-end=\"476\" \/>- Ajuste flexible de escenas con configuraciones de atenuaci\u00f3n (opcional)<br data-start=\"557\" data-end=\"560\" \/>- Estabiliza el rendimiento mediante una gesti\u00f3n t\u00e9rmica eficiente para largas horas de funcionamiento.<br data-start=\"647\" data-end=\"650\" \/>- Se integran perfectamente en las aberturas rectangulares del techo para lograr un aspecto limpio y lineal<\/p>\n<p data-start=\"734\" data-end=\"1214\">Opciones y personalizaci\u00f3n:<br data-start=\"758\" data-end=\"761\" \/>- \u00c1ngulo del haz y distribuci\u00f3n disponibles bajo pedido<br data-start=\"821\" data-end=\"824\" \/>- Selecciones de CCT y CRI para combinar con los acabados interiores y los tonos de la mercanc\u00eda<br data-start=\"899\" data-end=\"902\" \/>- Opciones de compatibilidad de controladores y regulaci\u00f3n seg\u00fan las necesidades<br data-start=\"965\" data-end=\"968\" \/>- Colores de molduras y acabados de reflectores disponibles para coordinar con el techo<br data-start=\"1039\" data-end=\"1042\" \/>- Tama\u00f1o personalizado \/ Recortes y carcasas a medida para techos de reforma o de nueva construcci\u00f3n<br data-start=\"1129\" data-end=\"1132\" \/>- Servicio OEM\/ODM con especificaciones de proyecto \/ soporte de planos y servicio de planos de taller<\/p>\n<p data-start=\"1217\" data-end=\"1430\">Aplicaciones t\u00edpicas: Habitaciones de hotel, pasillos de hotel, salas de reuniones de oficina, oficinas ejecutivas, salones de apartamentos, cocinas residenciales, expositores de tiendas, galer\u00edas y paredes decorativas, salas de estar.<\/p>\n<p data-start=\"1433\" data-end=\"1650\">Suministro y asistencia: La r\u00e1pida planificaci\u00f3n de los plazos de entrega respalda la puesta en marcha de los programas, con un control de calidad interno aplicado a cada lote de producci\u00f3n. Embalaje para exportaci\u00f3n disponible para entregas en el extranjero y conformidad con las normas disponible bajo petici\u00f3n.<\/p>","protected":false},"excerpt":{"rendered":"<p>Aporte una luz precisa y confortable a los interiores con un downlight rectangular empotrable regulable con control de intensidad y \u00f3ptica antideslumbrante. Una opci\u00f3n pr\u00e1ctica para pasillos de hoteles o salas de reuniones de oficinas en las que se requiere una ambientaci\u00f3n y unas l\u00edneas de techo limpias.<\/p>","protected":false},"featured_media":311,"template":"","meta":{"_gspb_post_css":""},"product_brand":[],"product_cat":[22],"product_tag":[40,43,33,37,44,45,42,48,46,41,47,49],"class_list":{"0":"post-310","1":"product","2":"type-product","3":"status-publish","4":"has-post-thumbnail","6":"product_cat-led-downlights","7":"product_tag-adjustable-dimming-recessed-rectangular-downlight","8":"product_tag-adjustable-downlight","9":"product_tag-ceiling-lighting","10":"product_tag-custom-size","11":"product_tag-dimmable-downlight","12":"product_tag-hotel-lighting","13":"product_tag-led-downlights","14":"product_tag-oem-odm-service","15":"product_tag-office-lighting","16":"product_tag-recessed-rectangular-downlight","17":"product_tag-residential-lighting","18":"product_tag-shop-drawing","20":"first","21":"instock","22":"shipping-taxable","23":"purchasable","24":"product-type-simple"},"_links":{"self":[{"href":"https:\/\/chineseledlight.com\/es\/wp-json\/wp\/v2\/product\/310","targetHints":{"allow":["GET"]}}],"collection":[{"href":"https:\/\/chineseledlight.com\/es\/wp-json\/wp\/v2\/product"}],"about":[{"href":"https:\/\/chineseledlight.com\/es\/wp-json\/wp\/v2\/types\/product"}],"wp:featuredmedia":[{"embeddable":true,"href":"https:\/\/chineseledlight.com\/es\/wp-json\/wp\/v2\/media\/311"}],"wp:attachment":[{"href":"https:\/\/chineseledlight.com\/es\/wp-json\/wp\/v2\/media?parent=310"}],"wp:term":[{"taxonomy":"product_brand","embeddable":true,"href":"https:\/\/chineseledlight.com\/es\/wp-json\/wp\/v2\/product_brand?post=310"},{"taxonomy":"product_cat","embeddable":true,"href":"https:\/\/chineseledlight.com\/es\/wp-json\/wp\/v2\/product_cat?post=310"},{"taxonomy":"product_tag","embeddable":true,"href":"https:\/\/chineseledlight.com\/es\/wp-json\/wp\/v2\/product_tag?post=310"}],"curies":[{"name":"wp","href":"https:\/\/api.w.org\/{rel}","templated":true}]}}