{"id":92,"date":"2025-12-20T09:31:19","date_gmt":"2025-12-20T09:31:19","guid":{"rendered":"https:\/\/chineseledlight.com\/?page_id=92"},"modified":"2026-02-08T11:19:13","modified_gmt":"2026-02-08T11:19:13","slug":"contact","status":"publish","type":"page","link":"https:\/\/chineseledlight.com\/es\/contact\/","title":{"rendered":"Contacte con nosotros"},"content":{"rendered":"<div class=\"wp-block-greenshift-blocks-row alignfull gspb_row gspb_row-id-gsbp-7322445\" id=\"gspb_row-id-gsbp-7322445\"><div class=\"gspb_backgroundOverlay\"><\/div><div class=\"gspb_row__content\"> \n<div class=\"wp-block-greenshift-blocks-row-column gspb_row__col--6 gspb_row__col--md-12 gspb_col-id-gsbp-b31fa70\" id=\"gspb_col-id-gsbp-b31fa70\">\n<h1 id=\"gspb_heading-id-gsbp-756666d\" class=\"gspb_heading gspb_heading-id-gsbp-756666d\">P\u00f3ngase en contacto con nuestro equipo de iluminaci\u00f3n comercial (EE.UU. y Europa)<\/h1>\n\n\n\n<div id=\"gspb_text-id-gsbp-a50b080\" class=\"gspb_text gspb_text-id-gsbp-a50b080 gs_opacity_75\">D\u00edganos qu\u00e9 est\u00e1 construyendo y le responderemos con precios, plazos de entrega y los archivos de especificaciones que su equipo necesita. Simplifique las cosas: comparta su programa de accesorios\/BOQ y la conformidad de destino (EE.UU.\/UE) para que podamos encontrar r\u00e1pidamente los modelos adecuados.<\/div>\n<style>.gs_opacity_75{opacity:0.75}<\/style>\n\n\n<div class=\"wp-block-greenshift-blocks-container gspb_container gspb_container-gsbp-10802a2\" id=\"gspb_container-id-gsbp-10802a2\">\n<div class=\"gspb_button_wrapper gspb_button-id-gsbp-23224c2\" id=\"gspb_button-id-gsbp-23224c2\"><a class=\"wp-block-greenshift-blocks-buttonbox gspb-buttonbox wp-element-button\" href=\"https:\/\/chineseledlight.com\/es\/oem-odm-services\/\" rel=\"noopener\"><span class=\"gspb-buttonbox-textwrap\"><span class=\"gspb-buttonbox-text\"><span class=\"gspb-buttonbox-title\">Servicios OEM \/ ODM<\/span><\/span><\/span><\/a><\/div>\n<\/div>\n<\/div>\n <\/div><\/div>\n\n\n\n<div class=\"wp-block-greenshift-blocks-row gspb_row gspb_row-id-gsbp-7bb8f57b-e514 gspb_row--gutter-custom-0\" id=\"gspb_row-id-gsbp-7bb8f57b-e514\"><div class=\"gspb_row__content\"> \n<div class=\"wp-block-greenshift-blocks-row-column gspb_row__col--8 gspb_col-id-gsbp-f468e625-df3c\" id=\"gspb_col-id-gsbp-f468e625-df3c\">\n<h4 id=\"gspb_heading-id-gsbp-5f71a739-2fe1\" class=\"gspb_heading gspb_heading-id-gsbp-5f71a739-2fe1\">Contacte con nuestro equipo de ventas e ingenier\u00eda<\/h4>\n\n\n\n<div id=\"gspb_text-id-gsbp-7d6f68a4-3f40\" class=\"gspb_text gspb_text-id-gsbp-7d6f68a4-3f40\">Cu\u00e9ntenos los aspectos b\u00e1sicos de su proyecto. Le responderemos con las especificaciones adecuadas y un presupuesto. Respuesta habitual: en 24 horas (d\u00edas laborables).<\/div>\n\n\n<div class='fluentform ff-inherit-theme-style fluentform_wrapper_1  ff_guten_block ff_guten_block-1'><form data-form_id=\"1\" id=\"fluentform_1\" class=\"frm-fluent-form fluent_form_1 ff-el-form-top ff_form_instance_1_1 ff-form-loading ffs_inherit_theme\" data-form_instance=\"ff_form_instance_1_1\" method=\"POST\" data-turnstile_key=\"0x4AAAAAAB9DfSfuFG49Ojlt\" action=\"\" ><fieldset  style=\"border: none!important;margin: 0!important;padding: 0!important;background-color: transparent!important;box-shadow: none!important;outline: none!important; min-inline-size: 100%;\">\n                    <legend class=\"ff_screen_reader_title\" style=\"display: block; margin: 0!important;padding: 0!important;height: 0!important;text-indent: -999999px;width: 0!important;overflow:hidden;\">P\u00f3ngase en contacto con<\/legend><input type='hidden' name='__fluent_form_embded_post_id' value='92' \/><input type=\"hidden\" id=\"_fluentform_1_fluentformnonce\" name=\"_fluentform_1_fluentformnonce\" value=\"3ed31793b2\" \/><input type=\"hidden\" name=\"_wp_http_referer\" value=\"\/es\/wp-json\/wp\/v2\/pages\/92\" \/><div data-name=\"ff_cn_id_1\"  class='ff-t-container ff-column-container ff_columns_total_2'><div class='ff-t-cell ff-t-column-1' style='flex-basis: 50%;'><div class='ff-el-group'><div class=\"ff-el-input--label asterisk-right\"><label for='ff_1_input_text' id='label_ff_1_input_text' aria-label=\"Nombre y apellidos\">Nombre y apellidos<\/label><\/div><div class='ff-el-input--content'><input type=\"text\" name=\"input_text\" class=\"ff-el-form-control\" placeholder=\"por ejemplo, Alex Johnson\" data-name=\"input_text\" id=\"ff_1_input_text\"  aria-invalid=\"false\" aria-required=\"false\"><\/div><\/div><\/div><div class='ff-t-cell ff-t-column-2' style='flex-basis: 50%;'><div class='ff-el-group'><div class=\"ff-el-input--label asterisk-right\"><label for='ff_1_input_text_1' id='label_ff_1_input_text_1' aria-label=\"Empresa\">Empresa<\/label><\/div><div class='ff-el-input--content'><input type=\"text\" name=\"input_text_1\" class=\"ff-el-form-control\" placeholder=\"por ejemplo, ABC Lighting Solutions\" data-name=\"input_text_1\" id=\"ff_1_input_text_1\"  aria-invalid=\"false\" aria-required=\"false\"><\/div><\/div><\/div><\/div><div data-name=\"ff_cn_id_2\"  class='ff-t-container ff-column-container ff_columns_total_2'><div class='ff-t-cell ff-t-column-1' style='flex-basis: 50%;'><div class='ff-el-group'><div class=\"ff-el-input--label ff-el-is-required asterisk-right\"><label for='ff_1_email' id='label_ff_1_email' aria-label=\"Correo electr\u00f3nico de trabajo\">Correo electr\u00f3nico de trabajo<\/label><\/div><div class='ff-el-input--content'><input type=\"email\" name=\"email\" id=\"ff_1_email\" class=\"ff-el-form-control\" placeholder=\"Por ejemplo, alex@company.com\" data-name=\"email\"  aria-invalid=\"false\" aria-required=\"true\"><\/div><\/div><\/div><div class='ff-t-cell ff-t-column-2' style='flex-basis: 50%;'><div class='ff-el-group'><div class=\"ff-el-input--label asterisk-right\"><label for='ff_1_input_text_2' id='label_ff_1_input_text_2' aria-label=\"Tel\u00e9fono \/ WhatsApp\">Tel\u00e9fono \/ WhatsApp<\/label><\/div><div class='ff-el-input--content'><input type=\"text\" name=\"input_text_2\" class=\"ff-el-form-control\" placeholder=\"por ejemplo, +1 234 567 8900\" data-name=\"input_text_2\" id=\"ff_1_input_text_2\"  aria-invalid=\"false\" aria-required=\"false\"><\/div><\/div><\/div><\/div><div data-name=\"ff_cn_id_3\"  class='ff-t-container ff-column-container ff_columns_total_2'><div class='ff-t-cell ff-t-column-1' style='flex-basis: 50%;'><div class='ff-el-group'><div class=\"ff-el-input--label asterisk-right\"><label for='ff_1_dropdown' id='label_ff_1_dropdown' aria-label=\"Su papel\">Su papel<\/label><\/div><div class='ff-el-input--content'><select name=\"dropdown\" id=\"ff_1_dropdown\" class=\"ff-el-form-control\" data-name=\"dropdown\" data-calc_value=\"0\"  aria-invalid=\"false\" aria-required=\"false\" aria-labelledby=\"label_ff_1_dropdown\"><option value=\"\">- Seleccionar -<\/option><option value=\"Purchasing \/ Procurement\"  >Compras \/ Contrataci\u00f3n<\/option><option value=\"Sourcing\"  >B\u00fasqueda de proveedores<\/option><option value=\"Project Manager\"  >Jefe de proyecto<\/option><option value=\"Lighting Designer\"  >Dise\u00f1ador de iluminaci\u00f3n<\/option><option value=\"Electrical \/ MEP Engineer\"  >Ingeniero El\u00e9ctrico \/ MEP<\/option><option value=\"Contractor \/ Installer\"  >Contratista \/ Instalador<\/option><option value=\"Distributor \/ Wholesaler\"  >Distribuidor \/ Mayorista<\/option><option value=\"Brand \/ OEM\"  >Marca \/ OEM<\/option><option value=\"Other\"  >Otros<\/option><\/select><\/div><\/div><\/div><div class='ff-t-cell ff-t-column-2' style='flex-basis: 50%;'><div class='ff-el-group'><div class=\"ff-el-input--label asterisk-right\"><label for='ff_1_dropdown_1' id='label_ff_1_dropdown_1' aria-label=\"Categor\u00eda de productos Interesados\">Categor\u00eda de productos Interesados<\/label><\/div><div class='ff-el-input--content'><select name=\"dropdown_1\" id=\"ff_1_dropdown_1\" class=\"ff-el-form-control\" data-name=\"dropdown_1\" data-calc_value=\"0\"  aria-invalid=\"false\" aria-required=\"false\" aria-labelledby=\"label_ff_1_dropdown_1\"><option value=\"\">- Seleccionar -<\/option><option value=\"LED Commercial Lighting\"  >Iluminaci\u00f3n comercial LED<\/option><option value=\"LED Ceiling Lighting\"  >Iluminaci\u00f3n LED de techo<\/option><option value=\"LED Downlights\"  >Downlights LED<\/option><option value=\"LED Linear Lighting\"  >Iluminaci\u00f3n lineal LED<\/option><option value=\"LED Spotlight\"  >Foco LED<\/option><option value=\"LED Track Lighting\"  >Iluminaci\u00f3n LED de carril<\/option><option value=\"Magnetic Track Light\"  >Riel de luz magn\u00e9tico<\/option><option value=\"Outdoor LED Lighting\"  >Iluminaci\u00f3n LED exterior<\/option><option value=\"Other LED Lighting\"  >Otra iluminaci\u00f3n LED<\/option><\/select><\/div><\/div><\/div><\/div><div data-name=\"ff_cn_id_4\"  class='ff-t-container ff-column-container ff_columns_total_2'><div class='ff-t-cell ff-t-column-1' style='flex-basis: 50%;'><div class='ff-el-group'><div class=\"ff-el-input--label asterisk-right\"><label for='ff_1_input_text_3' id='label_ff_1_input_text_3' aria-label=\"Aplicaci\u00f3n\">Aplicaci\u00f3n<\/label><\/div><div class='ff-el-input--content'><input type=\"text\" name=\"input_text_3\" class=\"ff-el-form-control\" placeholder=\"p. ej., tienda, hotel, supermercado, oficina\" data-name=\"input_text_3\" id=\"ff_1_input_text_3\"  aria-invalid=\"false\" aria-required=\"false\"><\/div><\/div><\/div><div class='ff-t-cell ff-t-column-2' style='flex-basis: 50%;'><div class='ff-el-group'><div class=\"ff-el-input--label asterisk-right\"><label for='ff_1_input_text_4' id='label_ff_1_input_text_4' aria-label=\"Cantidad estimada\">Cantidad estimada<\/label><\/div><div class='ff-el-input--content'><input type=\"text\" name=\"input_text_4\" class=\"ff-el-form-control\" placeholder=\"por ejemplo, 200 unidades \/ 1er pedido, 2.000 unidades\/a\u00f1o\" data-name=\"input_text_4\" id=\"ff_1_input_text_4\"  aria-invalid=\"false\" aria-required=\"false\"><\/div><\/div><\/div><\/div><div class='ff-el-group'><div class=\"ff-el-input--label asterisk-right\"><label for='ff_1_description' id='label_ff_1_description' aria-label=\"Mensaje\">Mensaje <\/label><\/div><div class='ff-el-input--content'><textarea aria-required=\"false\" aria-labelledby=\"label_ff_1_description\" name=\"description\" id=\"ff_1_description\" class=\"ff-el-form-control\" placeholder=\"\u00bfQu\u00e9 productos necesita? Incluya la potencia objetivo, la CCT (3000\/4000\/5000\/6000K), el \u00e1ngulo del haz de luz (24\u00b0\/36\u00b0\/45\u00b0\/120\u00b0), el tipo de montaje y su calendario.\" rows=\"6\" cols=\"2\" data-name=\"description\" ><\/textarea><\/div><\/div><div class='ff-el-group'><div class='ff-el-input--content'><div class='ff-el-form-check ff-el-form-check-'><label class='ff-el-form-check-label' for='checkbox_77ce742f05f4bc29b8093e49543b1ce7'><input  type=\"checkbox\" name=\"checkbox[]\" data-name=\"checkbox\" class=\"ff-el-form-check-input ff-el-form-check-checkbox\" value=\"I need an NDA before sharing detailed drawings.\"  id='checkbox_77ce742f05f4bc29b8093e49543b1ce7' aria-label='Necesito un acuerdo de confidencialidad antes de compartir dibujos detallados.' aria-invalid='false' aria-required=\"false\"> <span>Necesito un acuerdo de confidencialidad antes de compartir dibujos detallados.<\/span><\/label><\/div><div class='ff-el-form-check ff-el-form-check-'><label class='ff-el-form-check-label' for='checkbox_a2fb22a26e8e66a8172852ba9ac5c84a'><input  type=\"checkbox\" name=\"checkbox[]\" data-name=\"checkbox\" class=\"ff-el-form-check-input ff-el-form-check-checkbox\" value=\"I agree to be contacted about this inquiry.\"  id='checkbox_a2fb22a26e8e66a8172852ba9ac5c84a' aria-label='Acepto que se pongan en contacto conmigo en relaci\u00f3n con esta consulta.' aria-invalid='false' aria-required=\"false\"> <span>Acepto que se pongan en contacto conmigo en relaci\u00f3n con esta consulta.<\/span><\/label><\/div><\/div><\/div><div class='ff-el-group' ><div class='ff-el-input--content'><div data-fluent_id='1' name='cf-turnstile-response'><div\n\t\tdata-sitekey='0x4AAAAAAB9DfSfuFG49Ojlt'\n\t\tdata-theme='auto'\n\t\tid='fluentform-turnstile-1-1'\n\t\tclass='ff-el-turnstile cf-turnstile'\n\t\tdata-appearance='execute'><\/div><\/div><\/div><\/div><div class='ff-el-group ff-text-left ff_submit_btn_wrapper'><button type=\"submit\" class=\"ff-btn ff-btn-submit ff-btn-md ff_btn_no_style\"  aria-label=\"Enviar consulta\">Enviar consulta<\/button><\/div><\/fieldset><input type=\"hidden\" name=\"trp-form-language\" value=\"es\"\/><\/form><div id='fluentform_1_errors' class='ff-errors-in-stack ff_form_instance_1_1 ff-form-loading_errors ff_form_instance_1_1_errors'><\/div><\/div>            <script type=\"text\/javascript\">\n                window.fluent_form_ff_form_instance_1_1 = {\"id\":\"1\",\"settings\":{\"layout\":{\"labelPlacement\":\"top\",\"helpMessagePlacement\":\"with_label\",\"errorMessagePlacement\":\"inline\",\"cssClassName\":\"\",\"asteriskPlacement\":\"asterisk-right\"},\"restrictions\":{\"denyEmptySubmission\":{\"enabled\":false}}},\"form_instance\":\"ff_form_instance_1_1\",\"form_id_selector\":\"fluentform_1\",\"rules\":{\"input_text\":{\"required\":{\"value\":false,\"message\":\"Este campo es obligatorio\",\"global_message\":\"\\u8fd9\\u662f\\u5fc5\\u586b\\u680f\",\"global\":true}},\"input_text_1\":{\"required\":{\"value\":false,\"message\":\"Este campo es obligatorio\",\"global_message\":\"\\u8fd9\\u662f\\u5fc5\\u586b\\u680f\",\"global\":true}},\"email\":{\"required\":{\"value\":true,\"message\":\"Este campo es obligatorio\",\"global_message\":\"\\u8fd9\\u662f\\u5fc5\\u586b\\u680f\",\"global\":true},\"email\":{\"value\":true,\"message\":\"Este campo debe contener un correo electr\\u00f3nico v\\u00e1lido\",\"global_message\":\"\\u6b64\\u5b57\\u6bb5\\u5fc5\\u987b\\u5305\\u542b\\u6709\\u6548\\u7684\\u7535\\u5b50\\u90ae\\u7bb1\\u5730\\u5740\",\"global\":true}},\"input_text_2\":{\"required\":{\"value\":false,\"message\":\"Este campo es obligatorio\",\"global_message\":\"\\u8fd9\\u662f\\u5fc5\\u586b\\u680f\",\"global\":true}},\"dropdown\":{\"required\":{\"value\":false,\"message\":\"Este campo es obligatorio\",\"global_message\":\"\\u8fd9\\u662f\\u5fc5\\u586b\\u680f\",\"global\":true}},\"dropdown_1\":{\"required\":{\"value\":false,\"message\":\"Este campo es obligatorio\",\"global_message\":\"\\u8fd9\\u662f\\u5fc5\\u586b\\u680f\",\"global\":true}},\"input_text_3\":{\"required\":{\"value\":false,\"message\":\"Este campo es obligatorio\",\"global_message\":\"\\u8fd9\\u662f\\u5fc5\\u586b\\u680f\",\"global\":true}},\"input_text_4\":{\"required\":{\"value\":false,\"message\":\"Este campo es obligatorio\",\"global_message\":\"\\u8fd9\\u662f\\u5fc5\\u586b\\u680f\",\"global\":true}},\"description\":{\"required\":{\"value\":false,\"message\":\"Este campo es obligatorio\",\"global_message\":\"\\u8fd9\\u662f\\u5fc5\\u586b\\u680f\",\"global\":true}},\"checkbox\":{\"required\":{\"value\":false,\"message\":\"Este campo es obligatorio\",\"global_message\":\"\\u8fd9\\u662f\\u5fc5\\u586b\\u680f\",\"global\":true}},\"cf-turnstile-response\":[]},\"debounce_time\":300};\n                            <\/script>\n            <\/div>\n\n\n\n<div class=\"wp-block-greenshift-blocks-row-column gspb_row__col--4 gspb_col-id-gsbp-c31f481e-d155\" id=\"gspb_col-id-gsbp-c31f481e-d155\">\n<h4 id=\"gspb_heading-id-gsbp-c18a1299-220c\" class=\"gspb_heading gspb_heading-id-gsbp-c18a1299-220c\">Nuestras oficinas<\/h4>\n\n\n\n<h5 id=\"gspb_heading-id-gsbp-8d8cd7cf-2902\" class=\"gspb_heading gspb_heading-id-gsbp-8d8cd7cf-2902\">Washington<\/h5>\n\n\n\n<div id=\"gspb_text-id-gsbp-364d740f-c57c\" class=\"gspb_text gspb_text-id-gsbp-364d740f-c57c\"><strong>Direcci\u00f3n:<\/strong> Direcci\u00f3n: Edificio 1, n\u00ba 41, Nange West Road, Hetang Town, distrito de Pengjiang, ciudad de Jiangmen, Guangdong, China.<br><strong>Tel\u00e9fono:<\/strong> +86 13763237550<br><strong>Correo electr\u00f3nico:<\/strong> lynn@meagreelight.com<\/div>\n\n\n\n<h5 id=\"gspb_heading-id-gsbp-2971b78a-63a8\" class=\"gspb_heading gspb_heading-id-gsbp-2971b78a-63a8\">Horario comercial<\/h5>\n\n\n\n<div id=\"gspb_text-id-gsbp-867d777b-5be5\" class=\"gspb_text gspb_text-id-gsbp-867d777b-5be5\"><strong>De lunes a viernes<\/strong>: 08:00 - 20:00<br><strong>S\u00e1bado - Domingo<\/strong>: 09- 14:00<\/div>\n\n\n<div class=\"ct-block-wrapper\">\n\n<h3 class=\"wp-block-heading\" id=\"socials\" style=\"font-size:clamp(14px, 0.875rem + ((1vw - 3.2px) * 0.156), 16px);\">Sociales<\/h3>\n\n\n<div class=\"ct-socials-block\" style=\"--theme-icon-color:var(--wp--preset--color--palette-color-3);--background-color:var(--wp--preset--color--palette-color-5);--background-hover-color:var(--wp--preset--color--palette-color-5);--theme-icon-size:17px;--items-spacing:20px;\">\n\t\t<div class=\"ct-social-box\" data-color=\"default\" data-icons-type=\"square:outline\" style=\"\" >\n\t\t\t\n\t\t\t\n\t\t\t\t\t\t\t\n\t\t\t\t<a href=\"https:\/\/www.facebook.com\/\" data-network=\"facebook\" aria-label=\"Facebook\" target=\"_blank\" rel=\"noopener\">\n\t\t\t\t\t<span class=\"ct-icon-container\">\n\t\t\t\t\t<svg\n\t\t\t\t\twidth=\"20px\"\n\t\t\t\t\theight=\"20px\"\n\t\t\t\t\tviewbox=\"0 0 20 20\"\n\t\t\t\t\taria-hidden=\"true\">\n\t\t\t\t\t\t<path d=\"M20,10.1c0-5.5-4.5-10-10-10S0,4.5,0,10.1c0,5,3.7,9.1,8.4,9.9v-7H5.9v-2.9h2.5V7.9C8.4,5.4,9.9,4,12.2,4c1.1,0,2.2,0.2,2.2,0.2v2.5h-1.3c-1.2,0-1.6,0.8-1.6,1.6v1.9h2.8L13.9,13h-2.3v7C16.3,19.2,20,15.1,20,10.1z\"\/>\n\t\t\t\t\t<\/svg>\n\t\t\t\t<\/span>\t\t\t\t<\/a>\n\t\t\t\t\t\t\t\n\t\t\t\t<a href=\"https:\/\/x.com\/\" data-network=\"twitter\" aria-label=\"X (Twitter)\">\n\t\t\t\t\t<span class=\"ct-icon-container\">\n\t\t\t\t\t<svg\n\t\t\t\t\twidth=\"20px\"\n\t\t\t\t\theight=\"20px\"\n\t\t\t\t\tviewbox=\"0 0 20 20\"\n\t\t\t\t\taria-hidden=\"true\">\n\t\t\t\t\t\t<path d=\"M2.9 0C1.3 0 0 1.3 0 2.9v14.3C0 18.7 1.3 20 2.9 20h14.3c1.6 0 2.9-1.3 2.9-2.9V2.9C20 1.3 18.7 0 17.1 0H2.9zm13.2 3.8L11.5 9l5.5 7.2h-4.3l-3.3-4.4-3.8 4.4H3.4l5-5.7-5.3-6.7h4.4l3 4 3.5-4h2.1zM14.4 15 6.8 5H5.6l7.7 10h1.1z\"\/>\n\t\t\t\t\t<\/svg>\n\t\t\t\t<\/span>\t\t\t\t<\/a>\n\t\t\t\t\t\t\t\n\t\t\t\t<a href=\"https:\/\/www.instagram.com\/?hl=en\" data-network=\"instagram\" aria-label=\"Instagram\" target=\"_blank\" rel=\"noopener\">\n\t\t\t\t\t<span class=\"ct-icon-container\">\n\t\t\t\t\t<svg\n\t\t\t\t\twidth=\"20\"\n\t\t\t\t\theight=\"20\"\n\t\t\t\t\tviewbox=\"0 0 20 20\"\n\t\t\t\t\taria-hidden=\"true\">\n\t\t\t\t\t\t<circle cx=\"10\" cy=\"10\" r=\"3.3\"\/>\n\t\t\t\t\t\t<path d=\"M14.2,0H5.8C2.6,0,0,2.6,0,5.8v8.3C0,17.4,2.6,20,5.8,20h8.3c3.2,0,5.8-2.6,5.8-5.8V5.8C20,2.6,17.4,0,14.2,0zM10,15c-2.8,0-5-2.2-5-5s2.2-5,5-5s5,2.2,5,5S12.8,15,10,15z M15.8,5C15.4,5,15,4.6,15,4.2s0.4-0.8,0.8-0.8s0.8,0.4,0.8,0.8S16.3,5,15.8,5z\"\/>\n\t\t\t\t\t<\/svg>\n\t\t\t\t<\/span>\t\t\t\t<\/a>\n\t\t\t\t\t\t\t\n\t\t\t\t<a href=\"https:\/\/www.youtube.com\/\" data-network=\"youtube\" aria-label=\"YouTube\" target=\"_blank\" rel=\"noopener\">\n\t\t\t\t\t<span class=\"ct-icon-container\">\n\t\t\t\t\t<svg\n\t\t\t\t\twidth=\"20\"\n\t\t\t\t\theight=\"20\"\n\t\t\t\t\tviewbox=\"0 0 20 20\"\n\t\t\t\t\taria-hidden=\"true\">\n\t\t\t\t\t\t<path d=\"M15,0H5C2.2,0,0,2.2,0,5v10c0,2.8,2.2,5,5,5h10c2.8,0,5-2.2,5-5V5C20,2.2,17.8,0,15,0z M14.5,10.9l-6.8,3.8c-0.1,0.1-0.3,0.1-0.5,0.1c-0.5,0-1-0.4-1-1l0,0V6.2c0-0.5,0.4-1,1-1c0.2,0,0.3,0,0.5,0.1l6.8,3.8c0.5,0.3,0.7,0.8,0.4,1.3C14.8,10.6,14.6,10.8,14.5,10.9z\"\/>\n\t\t\t\t\t<\/svg>\n\t\t\t\t<\/span>\t\t\t\t<\/a>\n\t\t\t\t\t\t\t\n\t\t\t\t<a href=\"https:\/\/telegram.org\/\" data-network=\"telegram\" aria-label=\"Telegrama\" target=\"_blank\" rel=\"noopener\">\n\t\t\t\t\t<span class=\"ct-icon-container\">\n\t\t\t\t\t<svg\n\t\t\t\t\twidth=\"20px\"\n\t\t\t\t\theight=\"20px\"\n\t\t\t\t\tviewbox=\"0 0 20 20\"\n\t\t\t\t\taria-hidden=\"true\">\n\t\t\t\t\t\t<path d=\"M19.9,3.1l-3,14.2c-0.2,1-0.8,1.3-1.7,0.8l-4.6-3.4l-2.2,2.1c-0.2,0.2-0.5,0.5-0.9,0.5l0.3-4.7L16.4,5c0.4-0.3-0.1-0.5-0.6-0.2L5.3,11.4L0.7,10c-1-0.3-1-1,0.2-1.5l17.7-6.8C19.5,1.4,20.2,1.9,19.9,3.1z\"\/>\n\t\t\t\t\t<\/svg>\n\t\t\t\t<\/span>\t\t\t\t<\/a>\n\t\t\t\n\t\t\t\n\t\t\t\t\t<\/div>\n\n\t<\/div>\n<\/div><\/div>\n <\/div><\/div>\n\n\n<div class=\"gspb_id-gsbp-94cb52f wp-block-greenshift-blocks-map\"><div data-key=\"gspb_id_gsbp_94cb52f\" class=\"gspb_map-wrapper gspb_osmap\" id=\"gspb_map-gsbp-94cb52f\"><\/div><\/div>","protected":false},"excerpt":{"rendered":"","protected":false},"author":1,"featured_media":0,"parent":0,"menu_order":3,"comment_status":"closed","ping_status":"closed","template":"","meta":{"_gspb_post_css":"#gspb_row-id-gsbp-7322445{justify-content:space-between;margin-top:0;margin-bottom:0;display:flex;flex-wrap:wrap;padding-top:10rem;padding-right:rem;padding-bottom:6rem;padding-left:rem;overflow:hidden}#gspb_row-id-gsbp-7322445>.gspb_row__content{display:flex;justify-content:space-between;margin:0 auto;width:100%;flex-wrap:wrap}div[id^=gspb_col-id]{box-sizing:border-box;position:relative;padding:var(--gs-row-column-padding, 15px min(3vw, 20px))}body.gspb-bodyfront #gspb_row-id-gsbp-7322445>.gspb_row__content{width:var(--theme-container-width, 1200px);max-width:var(--theme-normal-container-max-width, 1200px)}@media (max-width:991.98px){#gspb_row-id-gsbp-7322445{padding-bottom:15rem}}@media (max-width:575.98px){#gspb_row-id-gsbp-7322445{padding-top:3rem}}#gspb_row-id-gsbp-7322445{color:#fff;background-color:#18181b;background-size:cover;background-repeat:no-repeat;background-position:46% 77%;background-image:url(https:\/\/chineseledlight.com\/wp-content\/uploads\/2026\/02\/Adipisicing-tempor-ea-nulla-lorem-consequat-.webp);perspective:1000px;isolation:isolate}#gspb_row-id-gsbp-7322445:hover{background-size:cover}#gspb_row-id-gsbp-7322445>.gspb_backgroundOverlay{position:absolute;top:0;left:0;width:100%;height:100%;z-index:-1;background-color:#7a7a7a69}#gspb_col-id-gsbp-b31fa70.gspb_row__col--6{width:50%}@media (max-width:991.98px){#gspb_col-id-gsbp-b31fa70.gspb_row__col--6{width:100%}}@media (max-width:575.98px){#gspb_col-id-gsbp-b31fa70.gspb_row__col--6{width:100%}}body.gspb-bodyfront #gspb_col-id-gsbp-b31fa70.gspb_row__col--6{width:33rem}@media (max-width:991.98px){body.gspb-bodyfront #gspb_col-id-gsbp-b31fa70.gspb_row__col--6{width:100%}}body.gspb-bodyfront #gspb_col-id-gsbp-b31fa70.gspb_row__col--6{z-index:1000}body #gspb_col-id-gsbp-b31fa70.gspb_row__col--6{display:flex;flex-direction:column;row-gap:2rem}@media (max-width:991.98px){body #gspb_col-id-gsbp-b31fa70.gspb_row__col--6{justify-content:center;align-items:center}}#gspb_heading-id-gsbp-756666d{font-size:clamp(2.2rem,4.3vw,3.2rem);line-height:clamp(2.75rem,4.7vw,3.5rem)}@media (max-width:991.98px){#gspb_heading-id-gsbp-756666d,#gspb_heading-id-gsbp-756666d .gsap-g-line{text-align:center!important}}#gspb_heading-id-gsbp-756666d{color:#fff;margin:0}@media (max-width:767.98px){.gspb_text-id-gsbp-a50b080{font-size:1rem}}@media (max-width:991.98px){.gspb_text-id-gsbp-a50b080,.gspb_text-id-gsbp-a50b080 .gsap-g-line{text-align:center!important}}.gspb_container-id-gsbp-10802a2{flex-direction:column;box-sizing:border-box}#gspb_container-id-gsbp-10802a2.gspb_container>p:last-of-type{margin-bottom:0}#gspb_container-id-gsbp-10802a2.gspb_container{position:relative;display:flex;flex-direction:row;row-gap:1.5rem;column-gap:1.5rem}@media (max-width:767.98px){#gspb_container-id-gsbp-10802a2.gspb_container{column-gap:1rem}}@media (max-width:575.98px){#gspb_container-id-gsbp-10802a2.gspb_container{flex-direction:column;flex-wrap:wrap;row-gap:1rem}}#gspb_container-id-gsbp-10802a2.gspb_container{margin-top:2rem}@media (max-width:991.98px){#gspb_container-id-gsbp-10802a2.gspb_container{margin-top:0}}#gspb_button-id-gsbp-23224c2{display:flex;justify-content:flex-start}#gspb_button-id-gsbp-23224c2 .gspb-buttonbox-text{display:flex;flex-direction:column}#gspb_button-id-gsbp-23224c2>.gspb-buttonbox{box-sizing:border-box;padding:.75rem 1.5rem;width:100%;font-size:1.125rem}@media (max-width:575.98px){#gspb_button-id-gsbp-23224c2{justify-content:center}}@media (max-width:767.98px){#gspb_button-id-gsbp-23224c2>.gspb-buttonbox{font-size:1rem}}@media (max-width:575.98px){#gspb_button-id-gsbp-23224c2>.gspb-buttonbox,#gspb_button-id-gsbp-23224c2>.gspb-buttonbox .gsap-g-line{text-align:center!important}}#gspb_button-id-gsbp-23224c2>.gspb-buttonbox{color:#fff}#gspb_row-id-gsbp-7bb8f57b-e514{justify-content:space-between;display:flex;flex-wrap:wrap;margin-top:30px;margin-bottom:30px}#gspb_row-id-gsbp-7bb8f57b-e514>.gspb_row__content{display:flex;justify-content:space-between;margin:0 auto;width:100%;flex-wrap:wrap}.gspb_row{position:relative}body.gspb-bodyfront #gspb_row-id-gsbp-7bb8f57b-e514>.gspb_row__content{width:var(--theme-container-width, 1200px);max-width:var(--theme-normal-container-max-width, 1200px)}#gspb_col-id-gsbp-f468e625-df3c.gspb_row__col--8{width:calc(66.66666666666667% - 25px)}@media (max-width:991.98px){#gspb_col-id-gsbp-f468e625-df3c.gspb_row__col--8{width:calc(66.66666666666667% - 25px)}}@media (max-width:767.98px){#gspb_col-id-gsbp-f468e625-df3c.gspb_row__col--8{width:calc(66.66666666666667% - 25px)}}@media (max-width:575.98px){#gspb_col-id-gsbp-f468e625-df3c.gspb_row__col--8{width:100%}}.gspb_row #gspb_col-id-gsbp-c31f481e-d155.gspb_row__col--4,.gspb_row #gspb_col-id-gsbp-f468e625-df3c.gspb_row__col--8{padding:0}#gspb_heading-id-gsbp-5f71a739-2fe1,#gspb_heading-id-gsbp-c18a1299-220c{font-size:22px;margin-top:0;margin-bottom:25px}.gspb_text-id-gsbp-7d6f68a4-3f40{margin-top:0!important;margin-bottom:50px!important}#gspb_col-id-gsbp-c31f481e-d155.gspb_row__col--4{width:calc(33.333333333333336% - 25px)}@media (max-width:991.98px){#gspb_col-id-gsbp-c31f481e-d155.gspb_row__col--4{width:calc(33.333333333333336% - 25px)}}@media (max-width:767.98px){#gspb_col-id-gsbp-c31f481e-d155.gspb_row__col--4{width:calc(33.333333333333336% - 25px)}}@media (max-width:575.98px){#gspb_col-id-gsbp-c31f481e-d155.gspb_row__col--4{width:100%}}.gspb_text-id-gsbp-364d740f-c57c,.gspb_text-id-gsbp-867d777b-5be5{margin-bottom:30px!important}#gspb_heading-id-gsbp-2971b78a-63a8,#gspb_heading-id-gsbp-8d8cd7cf-2902{font-size:16px;margin-top:0;margin-bottom:5px}.gspb_id-gsbp-94cb52f{display:flex;margin-bottom:60px;padding-bottom:20px}.gspb_id-gsbp-94cb52f .gspb_map-wrapper{width:100%;height:500px;isolation:isolate}@media (max-width:991.98px){.gspb_id-gsbp-94cb52f .gspb_map-wrapper{height:400px}}","footnotes":""},"class_list":["post-92","page","type-page","status-publish","hentry"],"blocksy_meta":{"vertical_spacing_source":"custom","content_area_spacing":"none","styles_descriptor":{"styles":{"desktop":"","tablet":"","mobile":""},"google_fonts":[],"version":6}},"_links":{"self":[{"href":"https:\/\/chineseledlight.com\/es\/wp-json\/wp\/v2\/pages\/92","targetHints":{"allow":["GET"]}}],"collection":[{"href":"https:\/\/chineseledlight.com\/es\/wp-json\/wp\/v2\/pages"}],"about":[{"href":"https:\/\/chineseledlight.com\/es\/wp-json\/wp\/v2\/types\/page"}],"author":[{"embeddable":true,"href":"https:\/\/chineseledlight.com\/es\/wp-json\/wp\/v2\/users\/1"}],"replies":[{"embeddable":true,"href":"https:\/\/chineseledlight.com\/es\/wp-json\/wp\/v2\/comments?post=92"}],"version-history":[{"count":4,"href":"https:\/\/chineseledlight.com\/es\/wp-json\/wp\/v2\/pages\/92\/revisions"}],"predecessor-version":[{"id":1070,"href":"https:\/\/chineseledlight.com\/es\/wp-json\/wp\/v2\/pages\/92\/revisions\/1070"}],"wp:attachment":[{"href":"https:\/\/chineseledlight.com\/es\/wp-json\/wp\/v2\/media?parent=92"}],"curies":[{"name":"wp","href":"https:\/\/api.w.org\/{rel}","templated":true}]}}