{"id":867,"date":"2026-02-02T02:34:29","date_gmt":"2026-02-02T02:34:29","guid":{"rendered":"https:\/\/chineseledlight.com\/?post_type=product&#038;p=867"},"modified":"2026-02-02T02:34:29","modified_gmt":"2026-02-02T02:34:29","slug":"surface-mounted-all-aluminum-anti-glare-linear-ceiling-light","status":"publish","type":"product","link":"https:\/\/chineseledlight.com\/de\/surface-mounted-all-aluminum-anti-glare-linear-ceiling-light\/","title":{"rendered":"Anbauleuchte aus Vollaluminium mit Blendschutz Lineare Deckenleuchte"},"content":{"rendered":"<p data-start=\"73\" data-end=\"467\">\u00dcbersicht<br data-start=\"81\" data-end=\"84\" \/>Wenn Sehkomfort und energiebewusste Beleuchtung Priorit\u00e4t haben, sorgt diese lineare Deckenanbauleuchte f\u00fcr einen kontrollierten Lichtkegel und eine aufger\u00e4umte Deckenlinie. Die Vollaluminium-Konstruktion sorgt f\u00fcr langfristige Stabilit\u00e4t, w\u00e4hrend das blendfreie Design die Augen im t\u00e4glichen Gebrauch entlastet. Sie ist eine praktische Wahl f\u00fcr Renovierungsprojekte, bei denen ein Einbau nicht erw\u00fcnscht ist.<\/p>\n<p data-start=\"471\" data-end=\"485\">Wesentliche Merkmale<\/p>\n<p data-start=\"488\" data-end=\"552\">Minimiert die direkte Blendung zur Verbesserung des Sehkomforts in Arbeitsbereichen<\/p>\n<p data-start=\"555\" data-end=\"627\">Beh\u00e4lt ein klares, architektonisches, lineares Profil auf der Deckenfl\u00e4che bei<\/p>\n<p data-start=\"630\" data-end=\"700\">F\u00f6rdert eine effiziente Lichtverteilung f\u00fcr allgemeine Beleuchtungszwecke<\/p>\n<p data-start=\"703\" data-end=\"775\">Das Vollaluminium-Geh\u00e4use sorgt f\u00fcr Stabilit\u00e4t und W\u00e4rmeableitung<\/p>\n<p data-start=\"778\" data-end=\"854\">Vereinfachte Installation und Wartung durch zug\u00e4ngliche Montagestruktur<\/p>\n<p data-start=\"858\" data-end=\"883\">Optionen und Anpassung<\/p>\n<p data-start=\"886\" data-end=\"957\">CCT- und CRI-Auswahl auf Anfrage erh\u00e4ltlich, um dem Projektambiente gerecht zu werden<\/p>\n<p data-start=\"960\" data-end=\"1040\">Optisches Zubeh\u00f6r und Abschirmungsvarianten f\u00fcr unterschiedliche Blendungsziele<\/p>\n<p data-start=\"1043\" data-end=\"1120\">Sonderanfertigungen \/ kundenspezifische L\u00e4ngen und Endkappenarten f\u00fcr die Layout-Ausrichtung<\/p>\n<p data-start=\"1123\" data-end=\"1196\">Dimm- und Steuerungskompatibilit\u00e4tsoptionen je nach Treiberkonfiguration<\/p>\n<p data-start=\"1199\" data-end=\"1261\">Oberfl\u00e4chen- und Detailanpassungen mit OEM\/ODM-Service m\u00f6glich<\/p>\n<p data-start=\"1265\" data-end=\"1444\">Typische Anwendungen<br data-start=\"1285\" data-end=\"1288\" \/>Gro\u00dfraumb\u00fcros, Besprechungsr\u00e4ume, Flure und G\u00e4nge, Klassenzimmer, Wartebereiche im Gesundheitswesen, G\u00e4nge im Einzelhandel, Empfangsbereiche, Bibliotheken und Studienr\u00e4ume<\/p>\n<p data-start=\"1448\" data-end=\"1783\">Versorgung &amp; Unterst\u00fctzung<br data-start=\"1464\" data-end=\"1467\" \/>Koordinierung der Projektspezifikationen und Unterst\u00fctzung bei der Erstellung von Werkstattzeichnungen \/ Zeichnungen zur Rationalisierung der Genehmigungs- und Installationsplanung sind verf\u00fcgbar. Kurze Vorlaufzeit mit hausinterner Qualit\u00e4tskontrolle und R\u00fcckverfolgbarkeit der Qualit\u00e4t f\u00fcr konsistente Lieferungen; Exportverpackung und Kistenverpackung k\u00f6nnen f\u00fcr den Versand arrangiert werden. Die Einhaltung von Normen ist auf Anfrage erh\u00e4ltlich.<\/p>","protected":false},"excerpt":{"rendered":"<p>Diese lineare Deckenanbauleuchte mit einem Geh\u00e4use aus Aluminium und einer blendfreien optischen Abschirmung bietet eine komfortable, effiziente Beleuchtung mit einer klaren architektonischen Linie. Sie eignet sich f\u00fcr Gro\u00dfraumb\u00fcros und Verkehrsflure, in denen die visuelle Erm\u00fcdung minimiert werden muss.<\/p>","protected":false},"featured_media":868,"template":"","meta":{"_gspb_post_css":""},"product_brand":[],"product_cat":[18],"product_tag":[128,438,38,34,72,37,439,48,46,437,436],"class_list":{"0":"post-867","1":"product","2":"type-product","3":"status-publish","4":"has-post-thumbnail","6":"product_cat-led-ceiling-lighting","7":"product_tag-aluminum-linear-lighting","8":"product_tag-anti-glare-ceiling-lighting","9":"product_tag-bulk-supply","10":"product_tag-commercial-lighting","11":"product_tag-corridor-lighting","12":"product_tag-custom-size","13":"product_tag-linear-ceiling-light","14":"product_tag-oem-odm-service","15":"product_tag-office-lighting","16":"product_tag-surface-mounted-linear-light","17":"product_tag-surface-mounted-all-aluminum-anti-glare-linear-ceiling-light","19":"first","20":"instock","21":"shipping-taxable","22":"purchasable","23":"product-type-simple"},"_links":{"self":[{"href":"https:\/\/chineseledlight.com\/de\/wp-json\/wp\/v2\/product\/867","targetHints":{"allow":["GET"]}}],"collection":[{"href":"https:\/\/chineseledlight.com\/de\/wp-json\/wp\/v2\/product"}],"about":[{"href":"https:\/\/chineseledlight.com\/de\/wp-json\/wp\/v2\/types\/product"}],"wp:featuredmedia":[{"embeddable":true,"href":"https:\/\/chineseledlight.com\/de\/wp-json\/wp\/v2\/media\/868"}],"wp:attachment":[{"href":"https:\/\/chineseledlight.com\/de\/wp-json\/wp\/v2\/media?parent=867"}],"wp:term":[{"taxonomy":"product_brand","embeddable":true,"href":"https:\/\/chineseledlight.com\/de\/wp-json\/wp\/v2\/product_brand?post=867"},{"taxonomy":"product_cat","embeddable":true,"href":"https:\/\/chineseledlight.com\/de\/wp-json\/wp\/v2\/product_cat?post=867"},{"taxonomy":"product_tag","embeddable":true,"href":"https:\/\/chineseledlight.com\/de\/wp-json\/wp\/v2\/product_tag?post=867"}],"curies":[{"name":"wp","href":"https:\/\/api.w.org\/{rel}","templated":true}]}}