{"id":743,"date":"2026-02-01T03:57:54","date_gmt":"2026-02-01T03:57:54","guid":{"rendered":"https:\/\/chineseledlight.com\/?post_type=product&#038;p=743"},"modified":"2026-02-01T03:57:55","modified_gmt":"2026-02-01T03:57:55","slug":"high-quality-led-rectangular-aluminum-recessed-linear-light","status":"publish","type":"product","link":"https:\/\/chineseledlight.com\/de\/high-quality-led-rectangular-aluminum-recessed-linear-light\/","title":{"rendered":"Hochwertige LED-Rechteckige Aluminium-Einbauleuchte Linear"},"content":{"rendered":"<p data-start=\"64\" data-end=\"430\">\u00dcbersicht<br data-start=\"79\" data-end=\"82\" \/>Diese rechteckige lineare Einbauleuchte wurde f\u00fcr anspruchsvolle Decken entwickelt und verwendet ein Aluminiumgeh\u00e4use, um den Rahmen stabil und die Lichtlinie gerade zu halten. Die sichere Befestigung und die kontrollierte Streuung sorgen f\u00fcr eine sichere, zuverl\u00e4ssige Beleuchtung in belebten Gesch\u00e4ftsbereichen. Die saubere Einbauplatte l\u00e4sst sich problemlos in Gipskarton- und modulare Deckensysteme integrieren.<\/p>\n<ul data-start=\"432\" data-end=\"1747\">\n<li data-start=\"432\" data-end=\"448\">\n<p data-start=\"434\" data-end=\"448\">Wesentliche Merkmale<\/p>\n<\/li>\n<li data-start=\"449\" data-end=\"537\">\n<p data-start=\"451\" data-end=\"537\">Verst\u00e4rkung der strukturellen Stabilit\u00e4t durch ein stabiles Aluminiumgeh\u00e4use und eine pr\u00e4zise Endkappenpassung<\/p>\n<\/li>\n<li data-start=\"538\" data-end=\"623\">\n<p data-start=\"540\" data-end=\"623\">Halten Sie die Leuchte mit zuverl\u00e4ssigen Befestigungselementen f\u00fcr die Unterputzmontage sicher fest.<\/p>\n<\/li>\n<li data-start=\"624\" data-end=\"704\">\n<p data-start=\"626\" data-end=\"704\">Gleichm\u00e4\u00dfiges Licht durch optimierten Diffusor und optische Mischkammer<\/p>\n<\/li>\n<li data-start=\"705\" data-end=\"792\">\n<p data-start=\"707\" data-end=\"792\">Verringerung der Blendung durch eine zur\u00fcckgesetzte Lichtaustrittsfl\u00e4che und optionale Abschirmungselemente<\/p>\n<\/li>\n<li data-start=\"793\" data-end=\"876\">\n<p data-start=\"795\" data-end=\"876\">Unterst\u00fctzt lange Lebensdauer durch effektives W\u00e4rmemanagement in der Aluminiumbasis<\/p>\n<\/li>\n<li data-start=\"878\" data-end=\"905\">\n<p data-start=\"880\" data-end=\"905\">Optionen und Anpassung<\/p>\n<\/li>\n<li data-start=\"906\" data-end=\"994\">\n<p data-start=\"908\" data-end=\"994\">Ma\u00dfgeschneiderte L\u00e4ngen, \u00d6ffnungen und Schnittbreiten sind auf Anfrage erh\u00e4ltlich.<\/p>\n<\/li>\n<li data-start=\"995\" data-end=\"1074\">\n<p data-start=\"997\" data-end=\"1074\">Montagedetails und Deckenschnittstellen je nach Projektbedingungen konfigurierbar<\/p>\n<\/li>\n<li data-start=\"1075\" data-end=\"1155\">\n<p data-start=\"1077\" data-end=\"1155\">CCT\/CRI und Dimmschnittstellen k\u00f6nnen entsprechend den Projektanforderungen ausgew\u00e4hlt werden<\/p>\n<\/li>\n<li data-start=\"1156\" data-end=\"1238\">\n<p data-start=\"1158\" data-end=\"1238\">Verbindungselemente und Zubeh\u00f6r f\u00fcr die geradlinige Installation<\/p>\n<\/li>\n<li data-start=\"1239\" data-end=\"1315\">\n<p data-start=\"1241\" data-end=\"1315\">Werkstattzeichnung und Zeichnungsunterst\u00fctzung f\u00fcr die Genehmigung von Layout und Ausschnitten<\/p>\n<\/li>\n<li data-start=\"1317\" data-end=\"1473\">\n<p data-start=\"1319\" data-end=\"1473\">Typische Anwendungen<br data-start=\"1339\" data-end=\"1342\" \/>B\u00fcroflure, Gro\u00dfraumb\u00fcros, Besprechungsr\u00e4ume, G\u00e4nge im Einzelhandel, Passagen in Einkaufszentren, Unterrichtsr\u00e4ume, Kliniken, Back-of-House-Bereiche<\/p>\n<\/li>\n<li data-start=\"1475\" data-end=\"1747\">\n<p data-start=\"1477\" data-end=\"1747\">Versorgung &amp; Unterst\u00fctzung<br data-start=\"1493\" data-end=\"1496\" \/>Die direkte Lieferung ab Werk mit schnellen Vorlaufzeiten unterst\u00fctzt schrittweise Projekte. In-House QC und Qualit\u00e4tsr\u00fcckverfolgbarkeit werden w\u00e4hrend der Produktion angewandt, und Exportverpackungen k\u00f6nnen f\u00fcr Sendungen mit unterschiedlichen L\u00e4ngen arrangiert werden. Die Einhaltung von Normen ist auf Anfrage erh\u00e4ltlich.<\/p>\n<\/li>\n<\/ul>","protected":false},"excerpt":{"rendered":"<p>Eine hochwertige, rechteckige, lineare Einbauleuchte, die auf einem Aluminiumgeh\u00e4use aufgebaut ist, das eine stabile Montage und eine gleichm\u00e4\u00dfige W\u00e4rmekontrolle erm\u00f6glicht. Der blendarme Diffusor sorgt f\u00fcr saubere, einheitliche Linien und macht sie zu einer praktischen Wahl f\u00fcr B\u00fcroflure und G\u00e4nge im Einzelhandel, die eine zuverl\u00e4ssige Deckenbeleuchtung erfordern.<\/p>","protected":false},"featured_media":744,"template":"","meta":{"_gspb_post_css":""},"product_brand":[],"product_cat":[19],"product_tag":[371,338,34,72,37,372,39,369,46,370,35],"class_list":{"0":"post-743","1":"product","2":"type-product","3":"status-publish","4":"has-post-thumbnail","6":"product_cat-led-linear-lighting","7":"product_tag-aluminum-housing-luminaire","8":"product_tag-ceiling-linear-light","9":"product_tag-commercial-lighting","10":"product_tag-corridor-lighting","11":"product_tag-custom-size","12":"product_tag-diffuser-linear-light","13":"product_tag-factory-direct","14":"product_tag-high-quality-led-rectangular-aluminum-recessed-linear-light","15":"product_tag-office-lighting","16":"product_tag-recessed-linear-lighting","17":"product_tag-retail-lighting","19":"first","20":"instock","21":"shipping-taxable","22":"purchasable","23":"product-type-simple"},"_links":{"self":[{"href":"https:\/\/chineseledlight.com\/de\/wp-json\/wp\/v2\/product\/743","targetHints":{"allow":["GET"]}}],"collection":[{"href":"https:\/\/chineseledlight.com\/de\/wp-json\/wp\/v2\/product"}],"about":[{"href":"https:\/\/chineseledlight.com\/de\/wp-json\/wp\/v2\/types\/product"}],"wp:featuredmedia":[{"embeddable":true,"href":"https:\/\/chineseledlight.com\/de\/wp-json\/wp\/v2\/media\/744"}],"wp:attachment":[{"href":"https:\/\/chineseledlight.com\/de\/wp-json\/wp\/v2\/media?parent=743"}],"wp:term":[{"taxonomy":"product_brand","embeddable":true,"href":"https:\/\/chineseledlight.com\/de\/wp-json\/wp\/v2\/product_brand?post=743"},{"taxonomy":"product_cat","embeddable":true,"href":"https:\/\/chineseledlight.com\/de\/wp-json\/wp\/v2\/product_cat?post=743"},{"taxonomy":"product_tag","embeddable":true,"href":"https:\/\/chineseledlight.com\/de\/wp-json\/wp\/v2\/product_tag?post=743"}],"curies":[{"name":"wp","href":"https:\/\/api.w.org\/{rel}","templated":true}]}}