{"id":713,"date":"2026-02-01T03:33:28","date_gmt":"2026-02-01T03:33:28","guid":{"rendered":"https:\/\/chineseledlight.com\/?post_type=product&#038;p=713"},"modified":"2026-02-01T03:33:28","modified_gmt":"2026-02-01T03:33:28","slug":"black-wall-lights-are-suitable-for-outdoor-garden-use","status":"publish","type":"product","link":"https:\/\/chineseledlight.com\/de\/black-wall-lights-are-suitable-for-outdoor-garden-use\/","title":{"rendered":"Schwarze Wandleuchten sind f\u00fcr den Einsatz im Garten geeignet"},"content":{"rendered":"<p data-start=\"58\" data-end=\"442\">\u00dcbersicht<br data-start=\"73\" data-end=\"76\" \/>Diese schwarzen Wandleuchten sind f\u00fcr den Einsatz im Freien und h\u00e4ufige Ein- und Ausschaltzyklen ausgelegt und bieten eine zuverl\u00e4ssige Beleuchtung f\u00fcr G\u00e4rten und Verkehrsfl\u00e4chen im Freien. Ein stabiles Geh\u00e4use und eine sichere Wandschnittstelle tragen dazu bei, dass die Ausrichtung im Laufe der Zeit erhalten bleibt, w\u00e4hrend eine kontrollierte Optik das Licht dorthin lenkt, wo es ben\u00f6tigt wird. Die saubere schwarze Oberfl\u00e4che erg\u00e4nzt moderne Landschaften ohne st\u00f6rende Blendung.<\/p>\n<ul data-start=\"444\" data-end=\"1734\">\n<li data-start=\"444\" data-end=\"460\">\n<p data-start=\"446\" data-end=\"460\">Wesentliche Merkmale<\/p>\n<\/li>\n<li data-start=\"461\" data-end=\"540\">\n<p data-start=\"463\" data-end=\"540\">Verst\u00e4rkung der Haltbarkeit durch ein robustes Metallgeh\u00e4use und eine stabile Befestigungsr\u00fcckwand<\/p>\n<\/li>\n<li data-start=\"541\" data-end=\"626\">\n<p data-start=\"543\" data-end=\"626\">Direktes Licht mit definierter Ausstrahlungssteuerung zur Reduzierung von Streulicht auf Fenster und Nachbarn<\/p>\n<\/li>\n<li data-start=\"627\" data-end=\"714\">\n<p data-start=\"629\" data-end=\"714\">Widerstandsf\u00e4hig gegen Oberfl\u00e4chenverschlei\u00df durch eine f\u00fcr den Au\u00dfenbereich geeignete Oberfl\u00e4chenbehandlung f\u00fcr ein langfristiges Erscheinungsbild<\/p>\n<\/li>\n<li data-start=\"715\" data-end=\"799\">\n<p data-start=\"717\" data-end=\"799\">Schutz der Elektronik durch effiziente W\u00e4rmeableitung und geordnete interne Verdrahtung<\/p>\n<\/li>\n<li data-start=\"800\" data-end=\"876\">\n<p data-start=\"802\" data-end=\"876\">Unterst\u00fctzung sicherer Wege mit gleichm\u00e4\u00dfiger Helligkeit und minimierten Hotspots<\/p>\n<\/li>\n<li data-start=\"878\" data-end=\"905\">\n<p data-start=\"880\" data-end=\"905\">Optionen und Anpassung<\/p>\n<\/li>\n<li data-start=\"906\" data-end=\"995\">\n<p data-start=\"908\" data-end=\"995\">Kundenspezifische Gr\u00f6\u00dfe \/ Sonderanfertigung von K\u00f6rperma\u00dfen und Ausladungstiefe auf Anfrage erh\u00e4ltlich<\/p>\n<\/li>\n<li data-start=\"996\" data-end=\"1060\">\n<p data-start=\"998\" data-end=\"1060\">Je nach Bedarf kann die Verteilung nach oben, unten oder oben und unten erfolgen<\/p>\n<\/li>\n<li data-start=\"1061\" data-end=\"1132\">\n<p data-start=\"1063\" data-end=\"1132\">Auswahl an Linsen\/Diffusoren zur Abstimmung von Hell-Dunkel-Grenze und Sehkomfort<\/p>\n<\/li>\n<li data-start=\"1133\" data-end=\"1201\">\n<p data-start=\"1135\" data-end=\"1201\">CCT\/CRI und Treiber-\/Dimmoptionen konfigurierbar nach Projektspezifikation<\/p>\n<\/li>\n<li data-start=\"1202\" data-end=\"1283\">\n<p data-start=\"1204\" data-end=\"1283\">Shop Drawing und Zeichnungsunterst\u00fctzung f\u00fcr die Koordination von Fassade und Verkabelung verf\u00fcgbar<\/p>\n<\/li>\n<li data-start=\"1285\" data-end=\"1465\">\n<p data-start=\"1287\" data-end=\"1465\">Typische Anwendungen<br data-start=\"1307\" data-end=\"1310\" \/>Gartenmauern, Villenfassaden, Hofeinfahrten, Wegef\u00fchrungen, Terrassenbegrenzungen, Zaunlinien, Landschaftsbeleuchtung, Korridore im Freien<\/p>\n<\/li>\n<li data-start=\"1467\" data-end=\"1734\">\n<p data-start=\"1469\" data-end=\"1734\">Versorgung &amp; Unterst\u00fctzung<br data-start=\"1485\" data-end=\"1488\" \/>Die Direktlieferung ab Werk unterst\u00fctzt Gro\u00dflieferprogramme mit stabiler Vorlaufzeitplanung. In-House QC und Qualit\u00e4t R\u00fcckverfolgbarkeit werden w\u00e4hrend der Montage angewendet, und Exportverpackung \/ Kistenverpackung kann arrangiert werden. Die Einhaltung von Normen ist auf Anfrage erh\u00e4ltlich.<\/p>\n<\/li>\n<\/ul>","protected":false},"excerpt":{"rendered":"<p>Robuste schwarze LED-Wandleuchten f\u00fcr den Au\u00dfenbereich mit kontrollierten Lichtkegeln und korrosionsbest\u00e4ndiger Oberfl\u00e4che, die nachts f\u00fcr Ordnung an der Fassade sorgen. Sie werden h\u00e4ufig entlang von Gartenmauern und Zugangswegen installiert, um eine zuverl\u00e4ssige Orientierungsbeleuchtung zu bieten und die Landschaftsgestaltung zu betonen.<\/p>","protected":false},"featured_media":718,"template":"","meta":{"_gspb_post_css":""},"product_brand":[],"product_cat":[20],"product_tag":[195,346,38,37,349,352,347,348,350,196,351],"class_list":{"0":"post-713","1":"product","2":"type-product","3":"status-publish","4":"has-post-thumbnail","6":"product_cat-outdoor-led-lighting","7":"product_tag-architectural-wall-lighting","8":"product_tag-black-wall-lights-are-suitable-for-outdoor-garden-use","9":"product_tag-bulk-supply","10":"product_tag-custom-size","11":"product_tag-garden-lighting","12":"product_tag-landscape-lighting","13":"product_tag-led-wall-lights","14":"product_tag-outdoor-wall-light","15":"product_tag-pathway-lighting","16":"product_tag-up-down-wall-light","17":"product_tag-villa-facade-lighting","19":"first","20":"instock","21":"shipping-taxable","22":"purchasable","23":"product-type-simple"},"_links":{"self":[{"href":"https:\/\/chineseledlight.com\/de\/wp-json\/wp\/v2\/product\/713","targetHints":{"allow":["GET"]}}],"collection":[{"href":"https:\/\/chineseledlight.com\/de\/wp-json\/wp\/v2\/product"}],"about":[{"href":"https:\/\/chineseledlight.com\/de\/wp-json\/wp\/v2\/types\/product"}],"wp:featuredmedia":[{"embeddable":true,"href":"https:\/\/chineseledlight.com\/de\/wp-json\/wp\/v2\/media\/718"}],"wp:attachment":[{"href":"https:\/\/chineseledlight.com\/de\/wp-json\/wp\/v2\/media?parent=713"}],"wp:term":[{"taxonomy":"product_brand","embeddable":true,"href":"https:\/\/chineseledlight.com\/de\/wp-json\/wp\/v2\/product_brand?post=713"},{"taxonomy":"product_cat","embeddable":true,"href":"https:\/\/chineseledlight.com\/de\/wp-json\/wp\/v2\/product_cat?post=713"},{"taxonomy":"product_tag","embeddable":true,"href":"https:\/\/chineseledlight.com\/de\/wp-json\/wp\/v2\/product_tag?post=713"}],"curies":[{"name":"wp","href":"https:\/\/api.w.org\/{rel}","templated":true}]}}