{"id":662,"date":"2026-02-01T02:26:51","date_gmt":"2026-02-01T02:26:51","guid":{"rendered":"https:\/\/chineseledlight.com\/?post_type=product&#038;p=662"},"modified":"2026-02-01T02:26:51","modified_gmt":"2026-02-01T02:26:51","slug":"features-a-brand-new-modern-design-linear-track-light","status":"publish","type":"product","link":"https:\/\/chineseledlight.com\/de\/features-a-brand-new-modern-design-linear-track-light\/","title":{"rendered":"Brandneues modernes Design f\u00fcr lineare Stromschienenleuchten"},"content":{"rendered":"<p data-start=\"66\" data-end=\"411\">\u00dcbersicht<br data-start=\"74\" data-end=\"77\" \/>Diese lineare Stromschienenleuchte wurde f\u00fcr stark frequentierte gewerbliche R\u00e4ume entwickelt und kombiniert ein stabiles Aluminiumgeh\u00e4use mit einem stromlinienf\u00f6rmigen, modernen Look. Eine durchgehende optische Oberfl\u00e4che sorgt daf\u00fcr, dass lange Strecken optisch sauber bleiben und gleichzeitig eine stabile Beleuchtung gew\u00e4hrleistet wird. Die Leuchte ist so konstruiert, dass sie bei der Neupositionierung und routinem\u00e4\u00dfigen Wartung auf der Schiene ausgerichtet bleibt.<\/p>\n<p data-start=\"415\" data-end=\"429\">Wesentliche Merkmale<\/p>\n<p data-start=\"432\" data-end=\"513\">Erh\u00f6ht die Einbausicherheit durch eine sichere mechanische Verbindung mit der Schiene<\/p>\n<p data-start=\"516\" data-end=\"593\">Liefert eine gleichm\u00e4\u00dfige lineare Beleuchtung, die l\u00fcckenhafte Hotspots entlang der Strecke reduziert<\/p>\n<p data-start=\"596\" data-end=\"684\">Bewahrt die Leistung durch effiziente W\u00e4rmeableitung und dauerhafte Oberfl\u00e4chenbehandlung<\/p>\n<p data-start=\"687\" data-end=\"762\">Unterst\u00fctzt pr\u00e4zise Lichtplatzierung f\u00fcr Verkehrswege und Funktionsbereiche<\/p>\n<p data-start=\"765\" data-end=\"836\">Vereinfachte Wartung durch modularen Zugang f\u00fcr Service und Upgrades<\/p>\n<p data-start=\"840\" data-end=\"865\">Optionen und Anpassung<\/p>\n<p data-start=\"868\" data-end=\"946\">Ma\u00dfgefertigte und auftragsbezogene L\u00e4ngen zur Anpassung an Deckenraster und Feldabst\u00e4nde<\/p>\n<p data-start=\"949\" data-end=\"1011\">Auswahl von Leistung und Farbtemperatur auf Anfrage erh\u00e4ltlich<\/p>\n<p data-start=\"1014\" data-end=\"1070\">Dimmoptionen f\u00fcr g\u00e4ngige Steuerungssysteme verf\u00fcgbar<\/p>\n<p data-start=\"1073\" data-end=\"1148\">Auswahl an Linsen und Diffusoren f\u00fcr weicheren Komfort oder sch\u00e4rfere F\u00fchrung<\/p>\n<p data-start=\"1151\" data-end=\"1209\">Gleisadapter konfigurierbar f\u00fcr verschiedene Gleisfamilien<\/p>\n<p data-start=\"1212\" data-end=\"1273\">Unterst\u00fctzung von Projektspezifikationen und Fertigungszeichnungen f\u00fcr Genehmigungspakete<\/p>\n<p data-start=\"1277\" data-end=\"1470\">Typische Anwendungen<br data-start=\"1297\" data-end=\"1300\" \/>G\u00e4nge im Einzelhandel, Gondeln in Superm\u00e4rkten, Korridore in Einkaufszentren, Verkehrsfl\u00e4chen in B\u00fcros, G\u00e4nge in Hotellobbys, Ausstellungshallen, Einzelhandelszonen in Flugh\u00e4fen, Empfangsbereiche<\/p>\n<p data-start=\"1474\" data-end=\"1769\">Versorgung &amp; Unterst\u00fctzung<br data-start=\"1490\" data-end=\"1493\" \/>Direkte Lieferung ab Werk mit Volumenproduktionsplanung und stabiler Vorlaufzeit f\u00fcr phasenweise Projekte. Hausinterne Qualit\u00e4tskontrolle und Qualit\u00e4tsr\u00fcckverfolgbarkeit werden chargenweise durchgef\u00fchrt; Exportverpackung oder Kistenverpackung kann f\u00fcr Langstreckensendungen arrangiert werden. Die Einhaltung von Normen ist auf Anfrage m\u00f6glich.<\/p>","protected":false},"excerpt":{"rendered":"<p>Eine brandneue lineare Stromschienenleuchte in modernem Design, die eine gleichm\u00e4\u00dfige, kontinuierliche Beleuchtungslinie mit einer robusten Aluminiumkonstruktion liefert. Ideal f\u00fcr kommerzielle Decken, wie z. B. G\u00e4nge im Einzelhandel und Flure in Einkaufszentren, wo lange Strecken, saubere Ausrichtung und zuverl\u00e4ssige Leistung erforderlich sind.<\/p>","protected":false},"featured_media":668,"template":"","meta":{"_gspb_post_css":""},"product_brand":[],"product_cat":[19],"product_tag":[33,34,37,39,312,113,313,79,46,35,83],"class_list":{"0":"post-662","1":"product","2":"type-product","3":"status-publish","4":"has-post-thumbnail","6":"product_cat-led-linear-lighting","7":"product_tag-ceiling-lighting","8":"product_tag-commercial-lighting","9":"product_tag-custom-size","10":"product_tag-factory-direct","11":"product_tag-features-a-brand-new-modern-design-linear-track-light","12":"product_tag-linear-lighting","13":"product_tag-linear-track-light","14":"product_tag-made-to-order","15":"product_tag-office-lighting","16":"product_tag-retail-lighting","17":"product_tag-track-lighting","19":"first","20":"instock","21":"shipping-taxable","22":"purchasable","23":"product-type-simple"},"_links":{"self":[{"href":"https:\/\/chineseledlight.com\/de\/wp-json\/wp\/v2\/product\/662","targetHints":{"allow":["GET"]}}],"collection":[{"href":"https:\/\/chineseledlight.com\/de\/wp-json\/wp\/v2\/product"}],"about":[{"href":"https:\/\/chineseledlight.com\/de\/wp-json\/wp\/v2\/types\/product"}],"wp:featuredmedia":[{"embeddable":true,"href":"https:\/\/chineseledlight.com\/de\/wp-json\/wp\/v2\/media\/668"}],"wp:attachment":[{"href":"https:\/\/chineseledlight.com\/de\/wp-json\/wp\/v2\/media?parent=662"}],"wp:term":[{"taxonomy":"product_brand","embeddable":true,"href":"https:\/\/chineseledlight.com\/de\/wp-json\/wp\/v2\/product_brand?post=662"},{"taxonomy":"product_cat","embeddable":true,"href":"https:\/\/chineseledlight.com\/de\/wp-json\/wp\/v2\/product_cat?post=662"},{"taxonomy":"product_tag","embeddable":true,"href":"https:\/\/chineseledlight.com\/de\/wp-json\/wp\/v2\/product_tag?post=662"}],"curies":[{"name":"wp","href":"https:\/\/api.w.org\/{rel}","templated":true}]}}