{"id":594,"date":"2026-01-31T07:25:45","date_gmt":"2026-01-31T07:25:45","guid":{"rendered":"https:\/\/chineseledlight.com\/?post_type=product&#038;p=594"},"modified":"2026-01-31T07:25:45","modified_gmt":"2026-01-31T07:25:45","slug":"aluminum-ceiling-track-light-suitable-for-offices","status":"publish","type":"product","link":"https:\/\/chineseledlight.com\/de\/aluminum-ceiling-track-light-suitable-for-offices\/","title":{"rendered":"Aluminium Deckenschiene Licht geeignet f\u00fcr B\u00fcros"},"content":{"rendered":"<p data-start=\"62\" data-end=\"394\">\u00dcbersicht<br data-start=\"70\" data-end=\"73\" \/>An modernen Arbeitspl\u00e4tzen ist das richtige Licht dasjenige, das man am wenigsten bemerkt. Diese Aluminium-Deckenschienenleuchte liefert eine kontrollierte Beleuchtung mit blendarmer Optik, damit Bildschirme lesbar und Besprechungen angenehm bleiben. Das schlanke Stromschienenprofil h\u00e4lt die Decke optisch ruhig und erm\u00f6glicht eine Neuausrichtung der Leuchte, wenn sich das Layout \u00e4ndert.<\/p>\n<p data-start=\"398\" data-end=\"802\">Wesentliche Merkmale<br data-start=\"410\" data-end=\"413\" \/>- Richtet das Licht pr\u00e4zise auf Arbeitsbereiche und vertikale Fl\u00e4chen<br data-start=\"473\" data-end=\"476\" \/>- Verringern Sie unangenehme Blendung durch eine entspiegelte Linse und ein Cut-off-Design<br data-start=\"541\" data-end=\"544\" \/>- Gleichbleibende Leistung durch stabile Treiberleistung<br data-start=\"606\" data-end=\"609\" \/>- Unterst\u00fctzung einer sauberen Installation mit einem starren Aluminiumgeh\u00e4use zur W\u00e4rmekontrolle<br data-start=\"684\" data-end=\"687\" \/>- Bei Bedarf Kompatibilit\u00e4t mit sanftem Dimmen aktivieren<br data-start=\"738\" data-end=\"741\" \/>- Vereinfachte Wartung mit modularen Komponenten f\u00fcr schnellen Service<\/p>\n<p data-start=\"806\" data-end=\"1250\">Optionen und Anpassung<br data-start=\"829\" data-end=\"832\" \/>- Strahlenverteilungen und Optiken f\u00fcr verschiedene Tischh\u00f6hen auf Anfrage erh\u00e4ltlich<br data-start=\"911\" data-end=\"914\" \/>- CCT\/CRI-Auswahl und warm-neutral-wei\u00dfe Abstimmungsoptionen<br data-start=\"972\" data-end=\"975\" \/>- Schienenl\u00e4nge, Verbindungsteile und Montagearten (Einbau\/Aufbau\/Aufh\u00e4ngung) auf Anfrage<br data-start=\"1066\" data-end=\"1069\" \/>- Dimm- und Steuerschnittstellen, einschlie\u00dflich sensorf\u00e4higer Konfigurationen<br data-start=\"1140\" data-end=\"1143\" \/>- Finish-Farben und -Zierleisten als Made-to-Order<br data-start=\"1185\" data-end=\"1188\" \/>- OEM\/ODM-Service mit Unterst\u00fctzung von Projektspezifikationen und Fertigungszeichnungen<\/p>\n<p data-start=\"1254\" data-end=\"1427\">Typische Anwendungen<br data-start=\"1274\" data-end=\"1277\" \/>Gro\u00dfraumb\u00fcros, Konferenzr\u00e4ume, Empfangsbereiche, Coworking Hubs, Einzelb\u00fcros, Schulungsr\u00e4ume, Flure, Pausenr\u00e4ume, Kopier-\/Druckzonen<\/p>\n<p data-start=\"1431\" data-end=\"1746\">Versorgung &amp; Unterst\u00fctzung<br data-start=\"1447\" data-end=\"1450\" \/>Die Direktfertigung in der Fabrik unterst\u00fctzt die Lieferung von Gro\u00dfmengen und die Produktion von Serien mit einer stabilen Vorlaufzeit f\u00fcr Projekte. Jede Charge wird von der hauseigenen Qualit\u00e4tskontrolle mit Qualit\u00e4tsr\u00fcckverfolgbarkeit \u00fcberpr\u00fcft, und f\u00fcr den Versand \u00fcber gro\u00dfe Entfernungen sind Exportverpackungen oder Kistenverpackungen erh\u00e4ltlich. Die Einhaltung von Normen ist auf Anfrage erh\u00e4ltlich.<\/p>","protected":false},"excerpt":{"rendered":"<p>Aluminium-Deckenschienenleuchte, die f\u00fcr visuellen Komfort entwickelt wurde und eine pr\u00e4zise Steuerung des Lichtstrahls bietet, um die Blendung von Monitoren und Schreibtischen zu reduzieren. Ideal f\u00fcr Gro\u00dfraumb\u00fcros, Besprechungsr\u00e4ume und aufgabenorientierte Flure, in denen eine flexible Ausrichtung h\u00e4ufige Layout\u00e4nderungen unterst\u00fctzt.<\/p>","protected":false},"featured_media":598,"template":"","meta":{"_gspb_post_css":""},"product_brand":[],"product_cat":[17],"product_tag":[261,256,257,38,258,259,37,39,135,260,46],"class_list":{"0":"post-594","1":"product","2":"type-product","3":"status-publish","4":"has-post-thumbnail","6":"product_cat-led-track-lighting","7":"product_tag-adjustable-track-heads","8":"product_tag-aluminum-ceiling-track-light-suitable-for-offices","9":"product_tag-aluminum-track-light","10":"product_tag-bulk-supply","11":"product_tag-ceiling-track-lighting","12":"product_tag-commercial-ceiling-lighting","13":"product_tag-custom-size","14":"product_tag-factory-direct","15":"product_tag-led-spotlights","16":"product_tag-low-glare-track-light","17":"product_tag-office-lighting","19":"first","20":"instock","21":"shipping-taxable","22":"purchasable","23":"product-type-simple"},"_links":{"self":[{"href":"https:\/\/chineseledlight.com\/de\/wp-json\/wp\/v2\/product\/594","targetHints":{"allow":["GET"]}}],"collection":[{"href":"https:\/\/chineseledlight.com\/de\/wp-json\/wp\/v2\/product"}],"about":[{"href":"https:\/\/chineseledlight.com\/de\/wp-json\/wp\/v2\/types\/product"}],"wp:featuredmedia":[{"embeddable":true,"href":"https:\/\/chineseledlight.com\/de\/wp-json\/wp\/v2\/media\/598"}],"wp:attachment":[{"href":"https:\/\/chineseledlight.com\/de\/wp-json\/wp\/v2\/media?parent=594"}],"wp:term":[{"taxonomy":"product_brand","embeddable":true,"href":"https:\/\/chineseledlight.com\/de\/wp-json\/wp\/v2\/product_brand?post=594"},{"taxonomy":"product_cat","embeddable":true,"href":"https:\/\/chineseledlight.com\/de\/wp-json\/wp\/v2\/product_cat?post=594"},{"taxonomy":"product_tag","embeddable":true,"href":"https:\/\/chineseledlight.com\/de\/wp-json\/wp\/v2\/product_tag?post=594"}],"curies":[{"name":"wp","href":"https:\/\/api.w.org\/{rel}","templated":true}]}}