{"id":419,"date":"2026-01-31T03:33:03","date_gmt":"2026-01-31T03:33:03","guid":{"rendered":"https:\/\/chineseledlight.com\/?post_type=product&#038;p=419"},"modified":"2026-01-31T03:33:17","modified_gmt":"2026-01-31T03:33:17","slug":"modern-minimalist-led-ceiling-spotlights-led-ceiling-lights","status":"publish","type":"product","link":"https:\/\/chineseledlight.com\/de\/modern-minimalist-led-ceiling-spotlights-led-ceiling-lights\/","title":{"rendered":"Moderne minimalistische LED-Deckenstrahler LED-Deckenleuchten"},"content":{"rendered":"<p data-start=\"72\" data-end=\"381\">\u00dcbersicht<br \/>\nDiese modernen, minimalistischen LED-Deckenstrahler wurden f\u00fcr eine zuverl\u00e4ssige Leistung entwickelt und kombinieren pr\u00e4zise Optik mit robustem W\u00e4rmemanagement. Die flache Form f\u00fcgt sich nahtlos in moderne Decken ein und tr\u00e4gt dazu bei, die Lichtleistung \u00fcber lange Betriebszeiten stabil zu halten.<\/p>\n<p data-start=\"385\" data-end=\"951\">Wesentliche Merkmale<br \/>\n- Pr\u00e4zise Lichtlenkung mit raffinierten Reflektor-\/Linsenoptiken f\u00fcr definierte Strahlen<br data-start=\"499\" data-end=\"502\" \/>- Aufrechterhaltung der Lumenstabilit\u00e4t durch einen Aluminiumk\u00fchlk\u00f6rper, der f\u00fcr eine effiziente W\u00e4rmeabgabe ausgelegt ist<br data-start=\"593\" data-end=\"596\" \/>- Reduzieren Sie die Erm\u00fcdung der Augen mit optionalen Blendschutzblenden und einer komfortablen Abschaltsteuerung<br data-start=\"682\" data-end=\"685\" \/>- Sie lassen sich mit minimalen Details und b\u00fcndigen optischen Linien sauber in moderne Innenr\u00e4ume integrieren.<br data-start=\"772\" data-end=\"775\" \/>- Unterst\u00fctzt zuverl\u00e4ssigen Betrieb mit ger\u00e4uscharmen Treibern und flimmerbewussten Steuerungsoptionen<br data-start=\"864\" data-end=\"867\" \/>- Vereinfachte Wartung durch modulare Komponenten und servicefreundliches Montagekonzept<\/p>\n<p data-start=\"955\" data-end=\"1504\">Optionen und Anpassung<br \/>\n- Optionen f\u00fcr die Strahlenverteilung (von Spot bis zu gr\u00f6\u00dferen Spreizungen) auf Anfrage erh\u00e4ltlich<br data-start=\"1087\" data-end=\"1090\" \/>- Unterst\u00fctzung mehrerer CCT-Auswahlen und Projektanpassungen f\u00fcr ein einheitliches Erscheinungsbild<br data-start=\"1170\" data-end=\"1173\" \/>- Dimm-\/Steuerl\u00f6sungen (Phasenanschnitt, 0-10V, DALI-kompatibel) auf Anfrage erh\u00e4ltlich<br data-start=\"1257\" data-end=\"1260\" \/>- Verkleidungen\/Karosserieoberfl\u00e4chen, einschlie\u00dflich matter T\u00f6ne und kundenspezifischer Farben; auf Bestellung gefertigt<br data-start=\"1335\" data-end=\"1338\" \/>- Feste oder verstellbare (kippbare\/kardanische) Varianten; Einbau- oder Aufputzvarianten auf Anfrage<br data-start=\"1421\" data-end=\"1424\" \/>- Koordinierung der Projektspezifikationen mit der Zeichnungsunterst\u00fctzung und der Lieferung von Werkstattzeichnungen<\/p>\n<p data-start=\"1508\" data-end=\"1750\">Typische Anwendungen<br \/>\nAusstellungsdecken f\u00fcr den Einzelhandel, Boutique-Highlights, Kunstgalerien, Museumsausstellungen, Hotelkorridore, Lobbybereiche, Ausstellungsr\u00e4ume, Empfangsbereiche, Wohnr\u00e4ume, K\u00fcchen und Inseln<\/p>\n<p data-start=\"1754\" data-end=\"2103\">Versorgung &amp; Unterst\u00fctzung<br \/>\nDie Direktplanung ab Werk unterst\u00fctzt die Volumenproduktion und die Lieferung von Gro\u00dfmengen mit einer stabilen Vorlaufzeit f\u00fcr Projekte und Nachbestellungen. Die hausinterne Qualit\u00e4tskontrolle mit R\u00fcckverfolgbarkeit der Qualit\u00e4t erfolgt chargen\u00fcbergreifend, und f\u00fcr einen sicheren Transport kann eine Exportverpackung \/ Kistenverpackung organisiert werden. Die Einhaltung von Normen ist auf Anfrage erh\u00e4ltlich.<\/p>","protected":false},"excerpt":{"rendered":"<p>Moderne, minimalistische LED-Deckenstrahler bieten eine scharfe Strahldefinition mit stabiler W\u00e4rmeleistung in einer diskreten, deckenmontierten Form. Eine praktische Wahl f\u00fcr Einzelhandelsauslagen und Galeriedecken, bei denen Blendschutz und saubere Architektur gleicherma\u00dfen wichtig sind.<\/p>","protected":false},"featured_media":542,"template":"","meta":{"_gspb_post_css":""},"product_brand":[],"product_cat":[18],"product_tag":[222,223,221,37,39,224,45,53,220,60,47,35],"class_list":{"0":"post-419","1":"product","2":"type-product","3":"status-publish","4":"has-post-thumbnail","6":"product_cat-led-ceiling-lighting","7":"product_tag-anti-glare-trim","8":"product_tag-beam-angle-options","9":"product_tag-ceiling-spotlights","10":"product_tag-custom-size","11":"product_tag-factory-direct","12":"product_tag-gallery-lighting","13":"product_tag-hotel-lighting","14":"product_tag-led-ceiling-lights","15":"product_tag-modern-minimalist-led-ceiling-spotlights","16":"product_tag-recessed-downlights","17":"product_tag-residential-lighting","18":"product_tag-retail-lighting","20":"first","21":"instock","22":"shipping-taxable","23":"purchasable","24":"product-type-simple"},"_links":{"self":[{"href":"https:\/\/chineseledlight.com\/de\/wp-json\/wp\/v2\/product\/419","targetHints":{"allow":["GET"]}}],"collection":[{"href":"https:\/\/chineseledlight.com\/de\/wp-json\/wp\/v2\/product"}],"about":[{"href":"https:\/\/chineseledlight.com\/de\/wp-json\/wp\/v2\/types\/product"}],"wp:featuredmedia":[{"embeddable":true,"href":"https:\/\/chineseledlight.com\/de\/wp-json\/wp\/v2\/media\/542"}],"wp:attachment":[{"href":"https:\/\/chineseledlight.com\/de\/wp-json\/wp\/v2\/media?parent=419"}],"wp:term":[{"taxonomy":"product_brand","embeddable":true,"href":"https:\/\/chineseledlight.com\/de\/wp-json\/wp\/v2\/product_brand?post=419"},{"taxonomy":"product_cat","embeddable":true,"href":"https:\/\/chineseledlight.com\/de\/wp-json\/wp\/v2\/product_cat?post=419"},{"taxonomy":"product_tag","embeddable":true,"href":"https:\/\/chineseledlight.com\/de\/wp-json\/wp\/v2\/product_tag?post=419"}],"curies":[{"name":"wp","href":"https:\/\/api.w.org\/{rel}","templated":true}]}}