{"id":398,"date":"2026-01-31T02:15:16","date_gmt":"2026-01-31T02:15:16","guid":{"rendered":"https:\/\/chineseledlight.com\/?post_type=product&#038;p=398"},"modified":"2026-01-31T02:15:16","modified_gmt":"2026-01-31T02:15:16","slug":"modern-design-dimmable-led-spotlights-for-indoor-use","status":"publish","type":"product","link":"https:\/\/chineseledlight.com\/de\/modern-design-dimmable-led-spotlights-for-indoor-use\/","title":{"rendered":"Modernes Design Dimmbare LED-Strahler f\u00fcr den Innenbereich"},"content":{"rendered":"<p data-start=\"65\" data-end=\"347\">\u00dcbersicht<br data-start=\"73\" data-end=\"76\" \/>Pr\u00e4zise Beleuchtung ver\u00e4ndert die Atmosph\u00e4re eines Raumes. Diese dimmbaren LED-Strahler in modernem Design liefern eine kontrollierte, angenehme Helligkeit f\u00fcr Innenr\u00e4ume und helfen Ihnen, die Aufmerksamkeit zu lenken, ohne visuelles Durcheinander. Das klare Profil passt sowohl zu minimalistischen als auch zu hochwertigen Einrichtungsl\u00f6sungen.<\/p>\n<p data-start=\"351\" data-end=\"669\">Wesentliche Merkmale<br data-start=\"363\" data-end=\"366\" \/>- Form von Akzent- und Arbeitslicht mit stufenloser Dimmfunktion<br data-start=\"423\" data-end=\"426\" \/>- Beibehaltung eines konsistenten Farbbildes f\u00fcr einen raffinierten visuellen Ton<br data-start=\"490\" data-end=\"493\" \/>- Minimierung der Blendwirkung durch optimiertes optisches Design<br data-start=\"542\" data-end=\"545\" \/>- Unterst\u00fctzung einer langen Lebensdauer durch effektives W\u00e4rmemanagement<br data-start=\"606\" data-end=\"609\" \/>- Sie lassen sich problemlos in Decken- und Stromschienenbeleuchtungsanlagen integrieren.<\/p>\n<p data-start=\"673\" data-end=\"1036\">Optionen und Anpassung<br data-start=\"696\" data-end=\"699\" \/>- Abstrahlwinkel und Lichtverteilungsmuster auf Anfrage erh\u00e4ltlich<br data-start=\"765\" data-end=\"768\" \/>- Geh\u00e4useoberfl\u00e4chen, Verkleidungsstile und Farbabstimmung f\u00fcr Innenr\u00e4ume<br data-start=\"833\" data-end=\"836\" \/>- Treiber- und Steuerungskompatibilit\u00e4tsoptionen f\u00fcr Projektspezifikationen<br data-start=\"896\" data-end=\"899\" \/>- Ma\u00dfgeschneiderte Konfigurationen, einschlie\u00dflich Sondergr\u00f6\u00dfen f\u00fcr spezielle R\u00e4ume<br data-start=\"971\" data-end=\"974\" \/>- Shop Drawing und Zeichnungsunterst\u00fctzung f\u00fcr die Koordination<\/p>\n<p data-start=\"1040\" data-end=\"1226\">Typische Anwendungen<br data-start=\"1060\" data-end=\"1063\" \/>Auslagen im Einzelhandel, Kunstgalerien, Hotellobbys, Wohnr\u00e4ume, Flure und Foyers, Restaurants und Bars, Empfangsbereiche, Ausstellungsr\u00e4ume, Vitrinen<\/p>\n<p data-start=\"1230\" data-end=\"1459\">Versorgung &amp; Unterst\u00fctzung<br data-start=\"1246\" data-end=\"1249\" \/>Fabrikdirekte Serienproduktion mit stabiler Vorlaufzeit und interner Qualit\u00e4tskontrolle f\u00fcr die R\u00fcckverfolgbarkeit der Qualit\u00e4t. Exportverpackung und Kistenverpackung k\u00f6nnen f\u00fcr einen sichereren Versand arrangiert werden. Normenkonformit\u00e4t ist auf Anfrage erh\u00e4ltlich.<\/p>","protected":false},"excerpt":{"rendered":"<p>Schaffen Sie saubere, einstellbare Akzentbeleuchtung mit dimmbaren LED-Strahlern in modernem Design, die sich in moderne Innenr\u00e4ume einf\u00fcgen und gleichzeitig eine pr\u00e4zise Kontrolle \u00fcber Stimmung und Fokus erm\u00f6glichen. Ideal zur Hervorhebung von Kunstwerken und Waren in Boutiquen, Galerien und anderen Innenr\u00e4umen.<\/p>","protected":false},"featured_media":399,"template":"","meta":{"_gspb_post_css":""},"product_brand":[],"product_cat":[23],"product_tag":[38,33,37,136,39,36,137,135,134,47,35,83],"class_list":{"0":"post-398","1":"product","2":"type-product","3":"status-publish","4":"has-post-thumbnail","6":"product_cat-led-spotlights","7":"product_tag-bulk-supply","8":"product_tag-ceiling-lighting","9":"product_tag-custom-size","10":"product_tag-dimmable-spotlight","11":"product_tag-factory-direct","12":"product_tag-hospitality-lighting","13":"product_tag-indoor-accent-lighting","14":"product_tag-led-spotlights","15":"product_tag-modern-design-dimmable-led-spotlights-for-indoor-use","16":"product_tag-residential-lighting","17":"product_tag-retail-lighting","18":"product_tag-track-lighting","20":"first","21":"instock","22":"shipping-taxable","23":"purchasable","24":"product-type-simple"},"_links":{"self":[{"href":"https:\/\/chineseledlight.com\/de\/wp-json\/wp\/v2\/product\/398","targetHints":{"allow":["GET"]}}],"collection":[{"href":"https:\/\/chineseledlight.com\/de\/wp-json\/wp\/v2\/product"}],"about":[{"href":"https:\/\/chineseledlight.com\/de\/wp-json\/wp\/v2\/types\/product"}],"wp:featuredmedia":[{"embeddable":true,"href":"https:\/\/chineseledlight.com\/de\/wp-json\/wp\/v2\/media\/399"}],"wp:attachment":[{"href":"https:\/\/chineseledlight.com\/de\/wp-json\/wp\/v2\/media?parent=398"}],"wp:term":[{"taxonomy":"product_brand","embeddable":true,"href":"https:\/\/chineseledlight.com\/de\/wp-json\/wp\/v2\/product_brand?post=398"},{"taxonomy":"product_cat","embeddable":true,"href":"https:\/\/chineseledlight.com\/de\/wp-json\/wp\/v2\/product_cat?post=398"},{"taxonomy":"product_tag","embeddable":true,"href":"https:\/\/chineseledlight.com\/de\/wp-json\/wp\/v2\/product_tag?post=398"}],"curies":[{"name":"wp","href":"https:\/\/api.w.org\/{rel}","templated":true}]}}