{"id":342,"date":"2026-01-30T07:24:40","date_gmt":"2026-01-30T07:24:40","guid":{"rendered":"https:\/\/chineseledlight.com\/?post_type=product&#038;p=342"},"modified":"2026-01-30T07:24:40","modified_gmt":"2026-01-30T07:24:40","slug":"useful-decorative-led-down-light-mini-star-spotlight","status":"publish","type":"product","link":"https:\/\/chineseledlight.com\/de\/useful-decorative-led-down-light-mini-star-spotlight\/","title":{"rendered":"N\u00fctzliches dekoratives LED-Downlight Mini Star Spotlight"},"content":{"rendered":"<p data-start=\"67\" data-end=\"389\">\u00dcberblick: Punktuelles Licht kann eine schlichte Oberfl\u00e4che in einen charakteristischen Deckeneffekt verwandeln. Dieser Mini-Sternstrahler ist ein kompaktes LED-Downlight f\u00fcr dekorative Akzente, das einen klaren \u201cStern\u201d-Eindruck erzeugt und gleichzeitig die Deckenoberfl\u00e4che sauber und minimal h\u00e4lt. Die kontrollierte Optik vermeidet grelles Funkeln im Nahbereich.<\/p>\n<p data-start=\"392\" data-end=\"756\">Hauptmerkmale\uff1a<br data-start=\"405\" data-end=\"408\" \/>- Erzeugen Sie einen scharfen Mikrostrahl f\u00fcr sternf\u00f6rmige Highlights und Detailbetonung<br data-start=\"479\" data-end=\"482\" \/>- Verdecken Sie die Lichtquelle mit einer versenkten Blende, um Blendung zu vermeiden.<br data-start=\"551\" data-end=\"554\" \/>- Beibehaltung des dekorativen Musters bei gleichbleibender Leistung und Farbe<br data-start=\"625\" data-end=\"628\" \/>- Effizientes W\u00e4rmemanagement zur Unterst\u00fctzung langer Betriebszeiten<br data-start=\"687\" data-end=\"690\" \/>- Unauff\u00e4llige Integration mit kleiner \u00d6ffnung und sauberer Kante<\/p>\n<p data-start=\"759\" data-end=\"1131\">Optionen &amp; Anpassung\uff1a<br data-start=\"783\" data-end=\"786\" \/>- Strahlenmuster und Linsenformen auf Anfrage erh\u00e4ltlich<br data-start=\"840\" data-end=\"843\" \/>- CCT- und CRI-Auswahl zur Anpassung an warme oder neutrale Umgebungen<br data-start=\"911\" data-end=\"914\" \/>- Kompatibilit\u00e4tsoptionen f\u00fcr das Dimmen werden je nach Bedarf f\u00fcr die Szenensteuerung bereitgestellt<br data-start=\"984\" data-end=\"987\" \/>- Ma\u00dfgefertigte Ausschnitte und Abdeckungen f\u00fcr Decken<br data-start=\"1057\" data-end=\"1060\" \/>- OEM\/ODM-Service mit Projektspezifikation und Zeichnungsunterst\u00fctzung f\u00fcr Layouts<\/p>\n<p data-start=\"1134\" data-end=\"1305\">Typische Anwendungen\uff1aSternendecken, Nischen, Hotellounges, Cocktailbars, Boutique-Displays, Heimkinos, Kinderzimmer, Korridor-Akzente, Empfangsw\u00e4nde<\/p>\n<p data-start=\"1308\" data-end=\"1609\">Lieferung &amp; Unterst\u00fctzung: Schnelle Vorlaufzeiten unterst\u00fctzen wiederkehrende Dekorationsprojekte und die Massenproduktion bei gr\u00f6\u00dferen Einf\u00fchrungen. Hausinterne Qualit\u00e4tskontrolle mit R\u00fcckverfolgbarkeit der Qualit\u00e4t wird f\u00fcr jede Charge durchgef\u00fchrt, und f\u00fcr Exportsendungen kann eine Exportverpackung \/ Kistenverpackung organisiert werden. Die Einhaltung von Normen ist auf Anfrage erh\u00e4ltlich.<\/p>","protected":false},"excerpt":{"rendered":"<p>Ein Mini-LED-Downlight mit kontrollierter Optik und einer versenkten Blende f\u00fcr blendfreie Sicht sorgt f\u00fcr einen raffinierten Sternenglanz. Wird h\u00e4ufig f\u00fcr Sternendecken in Hotel-Lounges oder Heimkinos verwendet, wo kleine Lichtpunkte eine stimmungsvolle Atmosph\u00e4re schaffen, ohne zu st\u00f6ren.<\/p>","protected":false},"featured_media":347,"template":"","meta":{"_gspb_post_css":""},"product_brand":[],"product_cat":[23],"product_tag":[33,54,74,36,78,79,76,48,77,47,75],"class_list":{"0":"post-342","1":"product","2":"type-product","3":"status-publish","4":"has-post-thumbnail","6":"product_cat-led-spotlights","7":"product_tag-ceiling-lighting","8":"product_tag-decorative-lighting","9":"product_tag-fast-lead-time","10":"product_tag-hospitality-lighting","11":"product_tag-led-down-light","12":"product_tag-made-to-order","13":"product_tag-mini-led-spotlight","14":"product_tag-oem-odm-service","15":"product_tag-recessed-spotlight","16":"product_tag-residential-lighting","17":"product_tag-useful-decorative-led-down-light-mini-star-spotlight","19":"first","20":"instock","21":"shipping-taxable","22":"purchasable","23":"product-type-simple"},"_links":{"self":[{"href":"https:\/\/chineseledlight.com\/de\/wp-json\/wp\/v2\/product\/342","targetHints":{"allow":["GET"]}}],"collection":[{"href":"https:\/\/chineseledlight.com\/de\/wp-json\/wp\/v2\/product"}],"about":[{"href":"https:\/\/chineseledlight.com\/de\/wp-json\/wp\/v2\/types\/product"}],"wp:featuredmedia":[{"embeddable":true,"href":"https:\/\/chineseledlight.com\/de\/wp-json\/wp\/v2\/media\/347"}],"wp:attachment":[{"href":"https:\/\/chineseledlight.com\/de\/wp-json\/wp\/v2\/media?parent=342"}],"wp:term":[{"taxonomy":"product_brand","embeddable":true,"href":"https:\/\/chineseledlight.com\/de\/wp-json\/wp\/v2\/product_brand?post=342"},{"taxonomy":"product_cat","embeddable":true,"href":"https:\/\/chineseledlight.com\/de\/wp-json\/wp\/v2\/product_cat?post=342"},{"taxonomy":"product_tag","embeddable":true,"href":"https:\/\/chineseledlight.com\/de\/wp-json\/wp\/v2\/product_tag?post=342"}],"curies":[{"name":"wp","href":"https:\/\/api.w.org\/{rel}","templated":true}]}}